{"id":21417,"date":"2024-02-02T12:04:54","date_gmt":"2024-02-02T15:04:54","guid":{"rendered":"https:\/\/jiujitsuminas.com.br\/01\/?page_id=21417"},"modified":"2025-09-13T12:58:32","modified_gmt":"2025-09-13T15:58:32","slug":"calendario-f-m-j-j","status":"publish","type":"page","link":"https:\/\/jiujitsuminas.com.br\/01\/calendario-f-m-j-j","title":{"rendered":"CALEND\u00c1RIO F.M.J-J"},"content":{"rendered":"<h2>FEDERA\u00c7\u00c3O&nbsp; &nbsp;MINEIRA DE JIU-JITSU F.M.J-J <strong>&nbsp;<\/strong><\/h2>\n<p>, <strong>FEDERA\u00c7\u00c3O MINEIRA DE JIU-JITSU \u2013F.M.J-J&nbsp; <\/strong><strong>&nbsp;.<\/strong><strong>&nbsp; &nbsp;<\/strong><strong><em>ENTIDADE&nbsp; REGIONAL DE&nbsp; ADMINISTRA\u00c7\u00c3O&nbsp; DE&nbsp; DESPORTO. &nbsp;REPRESENTATIVA DO JIU-JITSU&nbsp; DE MINAS GERAIS.<\/em><\/strong><strong>&nbsp; &nbsp; &nbsp; &nbsp; &nbsp; &nbsp; &nbsp; &nbsp;&nbsp;<\/strong><\/p>\n<p><strong>Reconhecida pelo Minist\u00e9rio de Educa\u00e7\u00e3o e Cultura (MEC)) em 1976- &nbsp;&nbsp;Utilidade P\u00fablica&nbsp; Municipal (BH) 3094\/<\/strong><strong>79 &#8211;<\/strong><strong>&nbsp;Utilidade&nbsp; P\u00fablica Estadual&nbsp; sob &nbsp;Lei&nbsp; 24278\/2023 .<\/strong><strong>&nbsp;BELO HORIZONTE \u2013 MINAS GERAIS<\/strong><\/p>\n<p><strong>51\u00ba <\/strong><strong>CAMPEONATO ESTADUAL MINEIRO DE&nbsp; JIU-JITSU <\/strong><strong>&nbsp;&nbsp;-51\u00aa TA\u00c7A MINAS GERAIS&nbsp; &nbsp; &nbsp; &nbsp; &nbsp; &nbsp; &nbsp; &nbsp; &nbsp; &nbsp; &nbsp; &nbsp; &nbsp; &nbsp; &nbsp; &nbsp; &nbsp; &nbsp; &nbsp; &nbsp; &nbsp; &nbsp; &nbsp; &nbsp; &nbsp; &nbsp; &nbsp; &nbsp; &nbsp; &nbsp; CALENDARIO&nbsp; ESPORTIVO OFICIAL&nbsp; ANO &nbsp;2025 __<\/strong><strong>&nbsp;<\/strong><strong>&nbsp; &nbsp; &nbsp; &nbsp; <\/strong>&nbsp;&nbsp;&nbsp;<strong><em>&nbsp;<\/em><\/strong><\/p>\n<p>&nbsp;<\/p>\n<table width=\"973\">\n<tbody>\n<tr>\n<td width=\"123\">\n<h2>MES<\/h2>\n<\/td>\n<td width=\"76\"><strong>DATA<\/strong><\/td>\n<td width=\"89\"><strong>&nbsp; DIA <\/strong><\/td>\n<td width=\"291\"><strong>&nbsp;EVENTO 50\u00aa &nbsp;TA\u00c7A MG<\/strong><\/td>\n<td width=\"183\"><strong>TITULADO<\/strong><\/td>\n<td width=\"212\"><strong>&nbsp;LOCAL \/ CIDADE<\/strong><\/td>\n<\/tr>\n<tr>\n<td width=\"123\">\n<h2>FEVEREIRO<\/h2>\n<\/td>\n<td width=\"76\"><strong>16<\/strong><\/td>\n<td width=\"89\"><strong>Domingo<\/strong><\/td>\n<td width=\"291\"><strong>&nbsp;&nbsp;Aberto 2025<\/strong><\/p>\n<p><strong>Federados e na\u00f5 federados<\/strong><\/td>\n<td width=\"183\"><strong>1\u00ba Trofeu \u201c Unidos no&nbsp;&nbsp; Jiu-Jitsu \u201c<\/strong><\/td>\n<td width=\"212\"><strong>Contagem &#8211; Tropical<\/strong><\/td>\n<\/tr>\n<tr>\n<td width=\"123\">\n<h2>&nbsp;<\/h2>\n<\/td>\n<td colspan=\"5\" width=\"850\"><strong>&nbsp;&nbsp;&nbsp;&nbsp;&nbsp;&nbsp;&nbsp;&nbsp;&nbsp;&nbsp;&nbsp;&nbsp;&nbsp;&nbsp;&nbsp;&nbsp;&nbsp;&nbsp;&nbsp;&nbsp;&nbsp;&nbsp;&nbsp;&nbsp;&nbsp;&nbsp;&nbsp; ETAPAS DO ESTADUAL MINEIRO DE 2025<\/strong><\/td>\n<\/tr>\n<tr>\n<td width=\"123\"><strong>MAR\u00c7O<\/strong><\/p>\n<p><strong>&nbsp;<\/strong><\/td>\n<td width=\"76\"><strong>16<\/strong><\/td>\n<td width=\"89\">\n<h3><strong>Domingo<\/strong><\/h3>\n<\/td>\n<td width=\"291\"><strong>1\u00aa Etapa do Estadual de 2025.<\/strong><\/td>\n<td width=\"183\"><strong>Trofeu inicio<\/strong><\/td>\n<td width=\"212\"><strong>Contagem &#8211; Tropical<\/strong><\/td>\n<\/tr>\n<tr>\n<td width=\"123\"><strong>&nbsp;MAIO<\/strong><\/td>\n<td width=\"76\"><strong>25<\/strong><\/p>\n<p><strong>&nbsp;<\/strong><\/td>\n<td width=\"89\">\n<h3><strong>Domingo<\/strong><\/h3>\n<\/td>\n<td width=\"291\"><strong>&nbsp;2\u00aa&nbsp; Etapa do estadual de 2025<\/strong><\/td>\n<td width=\"183\"><strong>Prata da Casa <\/strong><\/td>\n<td width=\"212\"><strong>SESC-Santa Luzia<\/strong><\/td>\n<\/tr>\n<tr>\n<td width=\"123\"><strong>JULHO<\/strong><\/p>\n<p><strong>&nbsp;<\/strong><\/td>\n<td width=\"76\"><strong>13<\/strong><\/td>\n<td width=\"89\">\n<h3><strong>Domingo<\/strong><\/h3>\n<\/td>\n<td width=\"291\"><strong>3\u00aa&nbsp; &nbsp;Etapa do estadual&nbsp; 2025<\/strong><\/td>\n<td width=\"183\"><strong>Trofeu Lutadores<\/strong><\/td>\n<td width=\"212\"><strong>SESC Santa Luzia<\/strong><\/td>\n<\/tr>\n<tr>\n<td width=\"123\"><strong>S<\/strong><strong>ETEMBRO<\/strong><\/td>\n<td width=\"76\"><strong>21<\/strong><\/td>\n<td width=\"89\"><strong>Domingo<\/strong><\/td>\n<td width=\"291\"><strong>4\u00aa Etapa&nbsp; do Estadual de 2025<\/strong><\/td>\n<td width=\"183\"><strong>Trofeu Campe\u00f5es<\/strong><\/td>\n<td width=\"212\"><strong>SESC&nbsp; Santa&nbsp; Luzia<\/strong><\/td>\n<\/tr>\n<tr>\n<td width=\"123\"><strong>NOVEMBRO<\/strong><\/td>\n<td width=\"76\"><strong>16<\/strong><\/td>\n<td width=\"89\"><strong>Domigo<\/strong><\/td>\n<td width=\"291\"><strong>5\u00aa Etapa- Final do Estadual 2025<\/strong><\/p>\n<p><strong>Entreg da 51\u00aa Ta\u00e7a&nbsp; Minas Gerais &#8211; vers\u00e3o 2025<\/strong><\/td>\n<td width=\"183\"><strong>Trofeu Invictos<\/strong><\/td>\n<td width=\"212\">\n<h4><strong>Contagem-Tropical<\/strong><\/h4>\n<\/td>\n<\/tr>\n<\/tbody>\n<\/table>\n<p><strong>&nbsp;<\/strong><strong>Sede- Belo Horizonte. &nbsp;Avenida Amazonas,885-3\u00ba and\/ 348- Centro .Cep 3018\u00ba.001 &#8211;&nbsp; Atendimento as 2\u00aa.4\u00aae 6\u00ba feira.&nbsp;&nbsp;&nbsp;&nbsp;&nbsp;&nbsp;&nbsp;&nbsp;&nbsp;&nbsp;&nbsp;&nbsp;&nbsp; &nbsp;Em semana de evento aberta em atendimento pessoal de &nbsp;2\u00aa as 6\u00aa feira.&nbsp; &nbsp;FONES: 31.3224 8979 \/ 98385 9592.&nbsp; Email&nbsp;&nbsp; www fmjitsu@terra.com.br. &nbsp;&nbsp;&nbsp;&nbsp;&nbsp;&nbsp;&nbsp;&nbsp;Site-&nbsp;&nbsp; Jiujitsuminas.com.br. &nbsp;&nbsp;Evento da Federa\u00e7a\u00f5&nbsp; n\u00e3o cobra&nbsp; ingresso .&nbsp;&nbsp;&nbsp;&nbsp;&nbsp;&nbsp;&nbsp;&nbsp;&nbsp;&nbsp;&nbsp;&nbsp; Sorteia coisas e objetos quando&nbsp; h\u00e1&nbsp; doa\u00e7\u00f5es.<\/strong><strong>&nbsp; &nbsp;<\/strong><strong>&nbsp; &nbsp; &nbsp; &nbsp; &nbsp; &nbsp; &nbsp; &nbsp; &nbsp; &nbsp; &nbsp; &nbsp; &nbsp; &nbsp; &nbsp; &nbsp; &nbsp; &nbsp; &nbsp; &nbsp; &nbsp; &nbsp; &nbsp; &nbsp; &nbsp; &nbsp; &nbsp; &nbsp; &nbsp; &nbsp; &nbsp; &nbsp; &nbsp; &nbsp; &nbsp; &nbsp; &nbsp; &nbsp; &nbsp; &nbsp; &nbsp; &nbsp; &nbsp; &nbsp; &nbsp; &nbsp; &nbsp; &nbsp; &nbsp; &nbsp;<\/strong><strong>&nbsp; &nbsp; &nbsp; &nbsp; &nbsp; &nbsp; &nbsp; &nbsp;<\/strong><strong>&nbsp; &nbsp; &nbsp; &nbsp; &nbsp; &nbsp; &nbsp; <\/strong>&nbsp;&nbsp; <strong><em>&nbsp;<\/em><\/strong><\/p>\n<p>atas&nbsp; das&nbsp; etapas do estadual 2025&nbsp; definidas. Entretanto, como Belo Horizonte &#8211; Capital do Estado de Minas Gerais, depois da terceiriza\u00e7\u00e3o do Gin\u00e1sio do Mineirinho n\u00e3o mais teve um Poliesportivo a disposi\u00e7\u00e3o das federa\u00e7\u00f5es&nbsp; estaduais . A&nbsp; Federa\u00e7\u00e3o&nbsp; Mineira de Jiu-Jitsu (F.M.J-J) tem recebido apoio&nbsp; e parceria de Cidades da Grande BH e dando continuidade&nbsp; ao estadual . A mudan\u00e7a de datas e locais j\u00e1 definidos&nbsp; traz desconforto para a Federa\u00e7\u00e3o ,equipes registradas&nbsp; e seus competidores federados. Mas como o campeonato estadual n\u00e3o pode parar seguimos em frente, pedindo a presen\u00e7a poss\u00edvel de&nbsp; todos federados . Informa-se&nbsp; sempre .31.3224 8979 , e auxiliares 98385 9592 \/ 98718 6904. (&nbsp; Sede na&nbsp; Avenida Amazonas,885 &#8211; centro de BH-&nbsp; as 2\u00aa,4\u00aa, 6\u00aa&nbsp; feira de- 9.30 as 18,30 )&nbsp; .E-mail<\/p>\n<p>&nbsp;<a style=\"font-weight: bold;\" href=\"mailto:fmjitsu@terra.com.br%20%20-\">fmjitsu@terra.com.br &#8211;<\/a><b>&nbsp;<\/b><\/p>\n<p style=\"text-align: right;\">&nbsp;<\/p>\n","protected":false},"excerpt":{"rendered":"<div class=\"mh-excerpt\"><p>FEDERA\u00c7\u00c3O&nbsp; &nbsp;MINEIRA DE JIU-JITSU F.M.J-J &nbsp; , FEDERA\u00c7\u00c3O MINEIRA DE JIU-JITSU \u2013F.M.J-J&nbsp; &nbsp;.&nbsp; &nbsp;ENTIDADE&nbsp; REGIONAL DE&nbsp; ADMINISTRA\u00c7\u00c3O&nbsp; DE&nbsp; DESPORTO. &nbsp;REPRESENTATIVA DO JIU-JITSU&nbsp; DE MINAS GERAIS.&nbsp; <a class=\"mh-excerpt-more\" href=\"https:\/\/jiujitsuminas.com.br\/01\/calendario-f-m-j-j\" title=\"CALEND\u00c1RIO F.M.J-J\">[&#8230;]<\/a><\/p>\n<\/div>","protected":false},"author":3,"featured_media":0,"parent":0,"menu_order":0,"comment_status":"closed","ping_status":"closed","template":"","meta":{"ngg_post_thumbnail":0,"footnotes":""},"class_list":["post-21417","page","type-page","status-publish","hentry"],"_links":{"self":[{"href":"https:\/\/jiujitsuminas.com.br\/01\/wp-json\/wp\/v2\/pages\/21417","targetHints":{"allow":["GET"]}}],"collection":[{"href":"https:\/\/jiujitsuminas.com.br\/01\/wp-json\/wp\/v2\/pages"}],"about":[{"href":"https:\/\/jiujitsuminas.com.br\/01\/wp-json\/wp\/v2\/types\/page"}],"author":[{"embeddable":true,"href":"https:\/\/jiujitsuminas.com.br\/01\/wp-json\/wp\/v2\/users\/3"}],"replies":[{"embeddable":true,"href":"https:\/\/jiujitsuminas.com.br\/01\/wp-json\/wp\/v2\/comments?post=21417"}],"version-history":[{"count":22,"href":"https:\/\/jiujitsuminas.com.br\/01\/wp-json\/wp\/v2\/pages\/21417\/revisions"}],"predecessor-version":[{"id":23585,"href":"https:\/\/jiujitsuminas.com.br\/01\/wp-json\/wp\/v2\/pages\/21417\/revisions\/23585"}],"wp:attachment":[{"href":"https:\/\/jiujitsuminas.com.br\/01\/wp-json\/wp\/v2\/media?parent=21417"}],"curies":[{"name":"wp","href":"https:\/\/api.w.org\/{rel}","templated":true}]}}