{"id":16306,"date":"2022-03-02T15:41:03","date_gmt":"2022-03-02T18:41:03","guid":{"rendered":"https:\/\/jiujitsuminas.com.br\/01\/?page_id=16306"},"modified":"2023-02-24T14:22:36","modified_gmt":"2023-02-24T17:22:36","slug":"impressos-da-federacao","status":"publish","type":"page","link":"https:\/\/jiujitsuminas.com.br\/01\/impressos-da-federacao","title":{"rendered":"IMPRESSOS DA FEDERA\u00c7\u00c3O"},"content":{"rendered":"<h4><span style=\"color: #000000;\">IMPRESSOS\u00a0 RESERVADOS\u00a0 AS FEDERADAS <\/span><\/h4>\n<h4><span style=\"color: #000000;\">FA\u00c7A COPIAS\u00a0 \u00a0OU PE\u00c7A\u00a0 OS IMPRESSOS A FEDERA\u00c7\u00c3O.<\/span><\/h4>\n<p>&nbsp;<\/p>\n<h2><a href=\"https:\/\/jiujitsuminas.com.br\/01\/wp-content\/uploads\/2023\/01\/FICHA-DE-TRANSFERENCIA.pdf\">FICHA-DE-TRANSFERENCIA<\/a><\/h2>\n<h2><a href=\"https:\/\/jiujitsuminas.com.br\/01\/wp-content\/uploads\/2023\/01\/Ficha_de_inscricao_torneio.pdf\">Ficha_de_inscri\u00e7ao_torneio<\/a><\/h2>\n<h2><a href=\"https:\/\/jiujitsuminas.com.br\/01\/wp-content\/uploads\/2023\/01\/Ficha_de_filiacao.pdf\">Ficha_de_filia\u00e7\u00e3o<\/a><\/h2>\n<h2><a href=\"https:\/\/jiujitsuminas.com.br\/01\/wp-content\/uploads\/2023\/02\/ficha-mudanca-de-faixas.pdf\">ficha mudan\u00e7a de faixas<\/a><\/h2>\n<h2><a href=\"https:\/\/jiujitsuminas.com.br\/01\/wp-content\/uploads\/2023\/02\/vinculacao-de-equipe-regras-2020.pdf\">vincula\u00e7a\u00f5 de equipe regras 2020<\/a><\/h2>\n<h2><\/h2>\n<p style=\"text-align: center;\"><span style=\"color: #ff6600;\">ARQUIVOS EM PDF ACIMA<\/span><\/p>\n<p>&nbsp;<\/p>\n<p>&nbsp;<\/p>\n<p>&nbsp;<\/p>\n<p>&nbsp;<\/p>\n<p>&nbsp;<\/p>\n<p style=\"text-align: left;\">\u00a0 \u00a0 \u00a0 \u00a0 \u00a0 \u00a0 \u00a0 \u00a0 \u00a0 \u00a0 \u00a0 \u00a0 \u00a0 \u00a0 \u00a0 \u00a0 \u00a0 \u00a0 \u00a0 \u00a0 \u00a0 \u00a0 \u00a0 \u00a0 \u00a0 \u00a0 \u00a0 \u00a0 \u00a0 \u00a0 \u00a0 \u00a0 \u00a0 \u00a0 &#8211;<\/p>\n<p style=\"text-align: center;\">\n","protected":false},"excerpt":{"rendered":"<div class=\"mh-excerpt\"><p>IMPRESSOS\u00a0 RESERVADOS\u00a0 AS FEDERADAS FA\u00c7A COPIAS\u00a0 \u00a0OU PE\u00c7A\u00a0 OS IMPRESSOS A FEDERA\u00c7\u00c3O. &nbsp; FICHA-DE-TRANSFERENCIA Ficha_de_inscri\u00e7ao_torneio Ficha_de_filia\u00e7\u00e3o ficha mudan\u00e7a de faixas vincula\u00e7a\u00f5 de equipe regras 2020 <a class=\"mh-excerpt-more\" href=\"https:\/\/jiujitsuminas.com.br\/01\/impressos-da-federacao\" title=\"IMPRESSOS DA FEDERA\u00c7\u00c3O\">[&#8230;]<\/a><\/p>\n<\/div>","protected":false},"author":3,"featured_media":0,"parent":0,"menu_order":0,"comment_status":"closed","ping_status":"closed","template":"","meta":{"ngg_post_thumbnail":0,"footnotes":""},"class_list":["post-16306","page","type-page","status-publish","hentry"],"_links":{"self":[{"href":"https:\/\/jiujitsuminas.com.br\/01\/wp-json\/wp\/v2\/pages\/16306","targetHints":{"allow":["GET"]}}],"collection":[{"href":"https:\/\/jiujitsuminas.com.br\/01\/wp-json\/wp\/v2\/pages"}],"about":[{"href":"https:\/\/jiujitsuminas.com.br\/01\/wp-json\/wp\/v2\/types\/page"}],"author":[{"embeddable":true,"href":"https:\/\/jiujitsuminas.com.br\/01\/wp-json\/wp\/v2\/users\/3"}],"replies":[{"embeddable":true,"href":"https:\/\/jiujitsuminas.com.br\/01\/wp-json\/wp\/v2\/comments?post=16306"}],"version-history":[{"count":14,"href":"https:\/\/jiujitsuminas.com.br\/01\/wp-json\/wp\/v2\/pages\/16306\/revisions"}],"predecessor-version":[{"id":16314,"href":"https:\/\/jiujitsuminas.com.br\/01\/wp-json\/wp\/v2\/pages\/16306\/revisions\/16314"}],"wp:attachment":[{"href":"https:\/\/jiujitsuminas.com.br\/01\/wp-json\/wp\/v2\/media?parent=16306"}],"curies":[{"name":"wp","href":"https:\/\/api.w.org\/{rel}","templated":true}]}}