{"id":15658,"date":"2021-11-09T16:29:56","date_gmt":"2021-11-09T19:29:56","guid":{"rendered":"https:\/\/jiujitsuminas.com.br\/01\/?page_id=15658"},"modified":"2023-12-28T19:26:22","modified_gmt":"2023-12-28T22:26:22","slug":"como-se-registrar-na-federaao-mineira-de-jiu-jitsu-f-m-j-j","status":"publish","type":"page","link":"https:\/\/jiujitsuminas.com.br\/01\/como-se-registrar-na-federaao-mineira-de-jiu-jitsu-f-m-j-j","title":{"rendered":"COMO  REGISTRAR SUA EQUIPE"},"content":{"rendered":"<header class=\"entry-header\">\n<h3 class=\"entry-title page-title\"><strong style=\"font-size: 16px;\"><em>\u00a0<\/em><\/strong><span style=\"color: #0000ff;\"><strong>PARA\u00a0 \u00a0REGISTRAR\u00a0 A EQUIPE ,EM PRINCIPIO COMO VINCULADA.<\/strong><\/span><\/h3>\n<h3 class=\"entry-title page-title\"><strong style=\"color: #000000; font-size: 16px;\">E participar do campeonato estadual mineiro de jiu-jitsu, com possibilidades at\u00e9\u00a0 para alunos\u00a0 receber bolsas doadas pelo Governo estadual e federal, siga\u00a0 as exig\u00eancias do\u00a0 regulamento:\u00a0<\/strong><\/h3>\n<\/header>\n<div class=\"entry-content mh-clearfix\">\n<h4><span style=\"color: #000000;\"><strong>\u00a01.\u00a0\u00a0Escolher o nome da equipe. (que\u00a0 \u00a0n\u00e3o pode se afigurar sarcasmo, falta de seriedade, falta de respeito) que passar\u00e1 a\u00a0 ser\u00a0 denomiada Associa\u00e7a\u00f5 Esportiva de Jiu-Jitsu&#8230;&#8230;?<\/strong><\/span><\/h4>\n<h4><span style=\"color: #000000;\"><strong>2. Eleger\u00a0 em Assembleia\u00a0 o nome do Presidente que comandar\u00e1 a equipe nos pr\u00f3ximos (04) anos,\u00a0 c<\/strong><strong>om direito a\u00a0 reelei\u00e7\u00e3o, o vice presidente, e os demais para os cargos\u00a0 <\/strong><strong>de confian\u00e7a da presidencia .<\/strong><\/span><\/h4>\n<h4><span style=\"color: #000000;\"><strong>3.P<\/strong><strong>ara ter\u00a0 validade e oficialidade:<\/strong><strong>\u00a0 Presidente ,\u00a0 <\/strong><strong>Vice Presidente ,\u00a0 <\/strong><strong>Secretario , <\/strong><strong>Tesoureiro ,\u00a0 <\/strong><strong>Rela\u00e7\u00f5es P\u00fablicas ,<\/strong><strong>Diretor T\u00e9cnico\u00a0\u00a0<\/strong><strong>( faixa preta em diante ). Se\u00a0 o Presidente da equipe\u00a0 for\u00a0 faixa preta diplomado pela\u00a0 Federa\u00e7\u00e3o ou por outra\u00a0 entidade reconhecida\u00a0 e\u00a0 desde que registado\u00a0 na Federa\u00e7\u00e2o <\/strong><strong>permite-se que ele seja\u00a0 tambem\u00a0 o diretor t\u00e9cnico.<\/strong><\/span><\/h4>\n<h4><span style=\"color: #000000;\"><strong>4. Todos MAIORES( acima de 21\u00a0 anos\u00a0 ) residentes e domiciliados no municipio\u00a0 ou no Estado de Minas Gerais . <\/strong><\/span><\/h4>\n<h4><span style=\"color: #000000;\"><strong>5- Nenhum membro\u00a0 eleito poder\u00e1 ter implicancia com a Lei ou com\u00a0 a Justi\u00e7a<\/strong><strong>.<\/strong><\/span><br \/>\n<span style=\"color: #000000;\"><strong>(Supervisor\u00a0 da equipe \u2013\u00a0 um faixa preta do 4\u00ba grau em diante que poder\u00e1 ser indicado pela Federa\u00e7\u00e3o. Se\u00a0 o presidente for faixa preta\u00a0 3\u00ba grau n\u00e3o necessita supervisor).<\/strong><\/span><\/h4>\n<h4><span style=\"color: #000000;\"><strong><em>DISPOSI\u00c7\u00d5ES<br \/>\n<\/em>1. O Pedido do registro \u00e9 assinado pelo presidente da equipe.<\/strong><\/span><br \/>\n<span style=\"color: #000000;\"><strong>2. Ata da elei\u00e7\u00e3o da diretoria\u00a0 deve ser\u00a0 assinado por todos os eleitos e registrada em cartorio.\u00a0 \u00a0 \u00a0 \u00a0 \u00a0 \u00a0<\/strong><\/span><span style=\"color: #000000;\"><strong>3. O Estatuto Padr\u00e3o de Vincula\u00e7\u00e3o assinado pelo presidente eleito ( a Federa\u00e7ao fornece).\u00a0<\/strong><\/span><br \/>\n<span style=\"color: #000000;\"><strong>4. Qualifica\u00e7\u00e3o de todos os membros da diretoria eleita, brasileiros natos ou naturalizados, xerox\u00a0 da carteira de\u00a0 identidade, CPF\u00a0comprovante de resid\u00eancia (conta de \u00e1gua, luz e etc).<br \/>\n<em>5- O\u00a0 membro eleito se for praticante de jiu-jitsu\u00a0 \u00a0dever\u00e1\u00a0 estar ou se registrar na F.M.J-J<\/em>.<br \/>\n6- As assinaturas do Presidente\u00a0 devem ser reconhecidos em cart\u00f3rio.<\/strong><\/span><br \/>\n<span style=\"color: #000000;\"><strong>7- Os papeis\u00a0 necess\u00e1rios s\u00e3o fornecidos pela Federa\u00e7\u00e3o, depois de preenchidos devolvidos para o registro.<\/strong><\/span><br \/>\n<span style=\"color: #000000;\"><strong>8- Entrega do escudo de pano da equipe (logomarca) que ficara afixado no\u00a0\u00a0kimono da equipe ,para ser\u00a0 publicado no site.<br \/>\n9- Quitar\u00a0 o primeiro alvar\u00e1 da\u00a0 F.M.J-J (com\u00a0 validade at\u00e9\u00a0 31 de dezembro do ano em curso).<br \/>\n10- Estrangeiros na\u00a0 diretoria somente se comprovadamente naturalizados ha mais de cinco (05) anos.\u00a0 \u00a0 \u00a0 \u00a0 \u00a0 \u00a0 \u00a0 \u00a0 \u00a0 \u00a0 \u00a0 \u00a0 \u00a0 \u00a0 \u00a0 \u00a0 \u00a0 \u00a0 \u00a0 \u00a0 \u00a0 \u00a0 \u00a0 \u00a0 \u00a0 \u00a0 \u00a0 \u00a0 \u00a0 \u00a0 \u00a0 \u00a0 \u00a0 \u00a0 \u00a0 \u00a0 \u00a0 \u00a0 \u00a0 \u00a0 \u00a0 \u00a0 \u00a0 \u00a0 \u00a0 \u00a0 \u00a0 \u00a0 \u00a0 \u00a0 \u00a0 \u00a0 \u00a0 \u00a0 \u00a0 \u00a0 \u00a0 \u00a0 \u00a0 \u00a0 \u00a0 \u00a0 \u00a0 \u00a0 \u00a0 \u00a0 \u00a0 \u00a0 \u00a0 \u00a0 \u00a0 \u00a0 \u00a0 \u00a0 \u00a0 \u00a0 \u00a0 \u00a0 \u00a0 \u00a0 \u00a0 \u00a0 \u00a0 \u00a0 \u00a0 \u00a0 \u00a0 \u00a0 \u00a0 \u00a0 \u00a0 \u00a0 \u00a0 \u00a0<\/strong><\/span><span style=\"color: #000000;\"><strong>11. Uma vez registrado e carimbado pela\u00a0 F.M.J-J\u00a0 o estatuto da Associa\u00e7\u00e3o Esportiva (equipe) poder\u00e1\u00a0 ser registrado em cartorio de pessoas\u00a0<\/strong><strong>jur\u00eddicas. Uma garantia plena da sua autoridade e responsabilidade.\u00a0<\/strong><\/span><\/h4>\n<h4><span style=\"color: #0000ff;\"><strong>ATEN\u00c7\u00c3O !<\/strong><\/span><\/h4>\n<h4><strong>1-<\/strong><strong>Ao\u00a0 quitar\u00a0 a\u00a0<\/strong><strong>filia\u00e7\u00e3o\u00a0 esta incluido o\u00a0 1\u00ba alvar\u00e1<br \/>\n<\/strong><strong>2- Antes de formar a sua diretoria,se necessario\u00a0 consulte a Federa\u00e7\u00e3o sobre detalhes.\u00a0 \u00a0 \u00a0 \u00a0 \u00a0 \u00a0 <\/strong><\/h4>\n<h3><strong style=\"color: #0000ff; text-align: center;\">\u00a0 \u00a0 \u00a0 \u00a0 \u00a0 \u00a0 \u00a0 \u00a0 \u00a0 \u00a0 \u00a0 \u00a0 \u00a0 \u00a0 \u00a0 \u00a0 \u00a0 \u00a0 \u00a0 \u00a0 \u00a0 \u00a0 REGISTRO DE ALUNOS<\/strong><\/h3>\n<h4>O registro do aluno \u00e9 uma garantia para ele e para a equipe. Indispensavel\u00a0 para participar dos eventos da Federa\u00e7a\u00f5,especialmente do campeonato estadual mineiro\u00a0 de jiu-jitsu . Registro a partir dos\u00a0 04 anos\u00a0 mas comparecer a competi\u00e7a\u00f5\u00a0 ap\u00f3s\u00a0 os 06 anose de idade .<\/h4>\n<h4>Necessario a qualifica\u00e7\u00e3o\u00a0 do aluno: Nome,filia\u00e7a\u00f5, endere\u00e7o ,telefone e outros meios de comunica\u00e7a\u00f5, xerox da certid\u00e3o de\u00a0 nascimento\u00a0 ou da\u00a0 identidade ,foto atual. grau de escolaridade,escola . Se adulto incluir \u00e1rea de estudo, ou trabalho, a atividade no momento e ou a\u00a0 profissa\u00f5. Estes dados\u00a0 ficar\u00e3o arquivados \u00e9 \u00fateis ,especialmente na \u00e9poca\u00a0 de mudan\u00e7as de faixa e ou gradua\u00e7\u00f5es .<\/h4>\n<h4><em><span style=\"color: #ff0000;\"><strong><span style=\"color: #000000;\">Explica\u00e7\u00f5es e informa\u00e7\u00f5es de qualquer natureza\u00a0 basta solicitar\u00a0 a Federa\u00e7\u00e2o pessoalmente, via<\/span> <\/strong><strong>\u00a0e-<span style=\"color: #ff0000;\">mail:\u00a0 fmjitsu@terra.com.br; telefone fixo\u00a0 31.3224 8979;\u00a0 Whatzapp\u00a0 \u00a098718 6904; 98385 9592<\/span><\/strong><\/span><\/em><\/h4>\n<\/div>\n","protected":false},"excerpt":{"rendered":"<div class=\"mh-excerpt\"><p>\u00a0PARA\u00a0 \u00a0REGISTRAR\u00a0 A EQUIPE ,EM PRINCIPIO COMO VINCULADA. E participar do campeonato estadual mineiro de jiu-jitsu, com possibilidades at\u00e9\u00a0 para alunos\u00a0 receber bolsas doadas pelo <a class=\"mh-excerpt-more\" href=\"https:\/\/jiujitsuminas.com.br\/01\/como-se-registrar-na-federaao-mineira-de-jiu-jitsu-f-m-j-j\" title=\"COMO  REGISTRAR SUA EQUIPE\">[&#8230;]<\/a><\/p>\n<\/div>","protected":false},"author":1,"featured_media":0,"parent":0,"menu_order":0,"comment_status":"closed","ping_status":"closed","template":"","meta":{"ngg_post_thumbnail":0,"footnotes":""},"class_list":["post-15658","page","type-page","status-publish","hentry"],"_links":{"self":[{"href":"https:\/\/jiujitsuminas.com.br\/01\/wp-json\/wp\/v2\/pages\/15658","targetHints":{"allow":["GET"]}}],"collection":[{"href":"https:\/\/jiujitsuminas.com.br\/01\/wp-json\/wp\/v2\/pages"}],"about":[{"href":"https:\/\/jiujitsuminas.com.br\/01\/wp-json\/wp\/v2\/types\/page"}],"author":[{"embeddable":true,"href":"https:\/\/jiujitsuminas.com.br\/01\/wp-json\/wp\/v2\/users\/1"}],"replies":[{"embeddable":true,"href":"https:\/\/jiujitsuminas.com.br\/01\/wp-json\/wp\/v2\/comments?post=15658"}],"version-history":[{"count":21,"href":"https:\/\/jiujitsuminas.com.br\/01\/wp-json\/wp\/v2\/pages\/15658\/revisions"}],"predecessor-version":[{"id":21026,"href":"https:\/\/jiujitsuminas.com.br\/01\/wp-json\/wp\/v2\/pages\/15658\/revisions\/21026"}],"wp:attachment":[{"href":"https:\/\/jiujitsuminas.com.br\/01\/wp-json\/wp\/v2\/media?parent=15658"}],"curies":[{"name":"wp","href":"https:\/\/api.w.org\/{rel}","templated":true}]}}