{"id":152,"date":"2017-10-05T18:22:05","date_gmt":"2017-10-05T18:22:05","guid":{"rendered":"https:\/\/jiujitsuminas.com.br\/01\/?page_id=152"},"modified":"2024-04-16T17:48:18","modified_gmt":"2024-04-16T20:48:18","slug":"conars","status":"publish","type":"page","link":"https:\/\/jiujitsuminas.com.br\/01\/regulamento__trashed\/conars","title":{"rendered":"&#8211; CONARS &#8211; CONSELHO SUPERIOR DA F.M.J-J"},"content":{"rendered":"<h3><strong>FEDERA\u00c7\u00c3O MINEIRA DE JIU-JITSU(F.M.J-J.)&nbsp; &nbsp; &nbsp; &nbsp; &nbsp; &nbsp; &nbsp; &nbsp; &nbsp; &nbsp; &nbsp; &nbsp; &nbsp; &nbsp; &nbsp; &nbsp; &nbsp; &nbsp; &nbsp; &nbsp; &nbsp; &nbsp; &nbsp; &nbsp; &nbsp; &nbsp; &nbsp; &nbsp; &nbsp; &nbsp; &nbsp; &nbsp; &nbsp; &nbsp; &nbsp; &nbsp; &nbsp; &nbsp; &nbsp; &nbsp; &nbsp;<\/strong><strong>&nbsp;&nbsp;&nbsp; <\/strong><strong>F.M.J-J<\/strong><strong>&nbsp; &nbsp; ENTIDADE REGIONAL DE ADMINISTRA\u00c7\u00c3O&nbsp; DE&nbsp; DESPORTO&nbsp; &nbsp; &nbsp; &nbsp; &nbsp; &nbsp; &nbsp; &nbsp; &nbsp; &nbsp; &nbsp; &nbsp; &nbsp; &nbsp; &nbsp; &nbsp; &nbsp; &nbsp; &nbsp; &nbsp; <\/strong><strong>Utilidade P\u00fablica Municipal (BH) &nbsp;Lei n\u00ba&nbsp; 3094\/79 e &nbsp;Utilidade P\u00fablica&nbsp; Estadual sob &nbsp;Lei 24276 \/23 <\/strong><strong style=\"font-size: 16px;\">&nbsp; &nbsp; &nbsp; &nbsp; &nbsp; &nbsp; &nbsp; &nbsp; &nbsp; &nbsp; &nbsp; &nbsp; BELO HORIZONTE&nbsp;&nbsp;&nbsp;&nbsp;&nbsp;&nbsp;&nbsp;&nbsp;&nbsp;&nbsp;&nbsp;&nbsp;&nbsp;&nbsp;&nbsp; MINAS GERAIS<\/strong><\/h3>\n<p><strong>&nbsp;<\/strong><strong>&nbsp;<\/strong><\/p>\n<h3><strong>CONARS&nbsp; F.M.J-J<\/strong><\/h3>\n<table style=\"height: 1570px;\" width=\"972\">\n<tbody>\n<tr>\n<td colspan=\"2\" width=\"672\">\n<h3>&nbsp;&nbsp;&nbsp; <strong>O CONARS&nbsp;&nbsp;&nbsp;&nbsp;&nbsp;&nbsp;&nbsp;&nbsp;&nbsp;&nbsp;&nbsp;&nbsp;&nbsp;&nbsp;&nbsp;&nbsp; &nbsp;&nbsp;Resumo 2023<\/strong><\/h3>\n<h4><strong>&nbsp;<\/strong><strong>&nbsp;<\/strong><strong>O CONARS&nbsp;&nbsp; <\/strong>( Conselho&nbsp;&nbsp; Superior da&nbsp; Federa\u00e7\u00e3o ) Criado em 1975 . Desde 1984 &nbsp;\u00e9&nbsp; formado por sete(7)&nbsp; mestres&nbsp; titulares&nbsp; e sete(7)&nbsp; mestres suplentes .Tendo&nbsp; como titular o de maior gradua\u00e7\u00e3o, ou o de maior idade em caso de v\u00e1rios da mesma gradua\u00e7\u00e3o o de maior idade,&nbsp; ou por&nbsp; vota\u00e7\u00e3o ou sorteio. O &nbsp;Presidente &nbsp;do CONARS &nbsp;tem voto de minerva,&nbsp; nos casos em que h\u00e1 empate nas resolu\u00e7\u00f5es seu voto desempata. Seu cargo e atua\u00e7a\u00f5&nbsp; &nbsp;\u00e9&nbsp; vital\u00edcia, e em caso de renuncia ou falecimento o seu cargo tem de ser preenchido de imediato.<\/h4>\n<h4>O CONARS &nbsp;funciona com m\u00ednimo de &nbsp;2\/3 dos seus membros titulares. Na falta de titulares,&nbsp; convocado suplente para&nbsp; formar os 2\/3 ,m\u00ednimo&nbsp; para formar o quadro &nbsp;v\u00e1lido.<\/h4>\n<h4>O CONARS ( Conselho Superior e Julgador da F.M.J-J)-&nbsp;&nbsp; \u00e9 indiretamente subalterno a presid\u00eancia da F.M.J-J que o convoca &nbsp;para atuar e resolver nas quest\u00f5es que fogem da sua atua\u00e7\u00e3o direta,como os assuntos&nbsp; que envolvem registrados&nbsp; de faixas coloridas, pretas, graduados e mestres &nbsp;e que podem exigir &nbsp;suspens\u00e3o de &nbsp;at\u00e9 360 &nbsp;dias;&nbsp; &nbsp; &nbsp; &nbsp; &nbsp; &nbsp; &nbsp; &nbsp; &nbsp; &nbsp; &nbsp; &nbsp; &nbsp; &nbsp; &nbsp; &nbsp; &nbsp; &nbsp; &nbsp; &nbsp; &nbsp; &nbsp; &nbsp; &nbsp; &nbsp; O TJD\/FMJJ\u2014Tribunal &nbsp;de Justi\u00e7a Desportivo &#8211; atua nas quest\u00f5es&nbsp; ainda mais graves e&nbsp; que fogem da compet\u00eancia do CONARS como rebaixamento de&nbsp; faixa da faixa&nbsp; preta ou &nbsp;exclus\u00e3o da entidade; Os assuntos que fogem da &nbsp;compet\u00eancia&nbsp;&nbsp; do CONARS&nbsp; e do &nbsp;TJD\/FMJJ&nbsp; s\u00e3o direcionados pela Federa\u00e7\u00e3o&nbsp; \u00e1 Justi\u00e7a Comum.<\/h4>\n<p><span style=\"color: #ff0000;\"><strong>PS. Nos casos em que&nbsp; houver omissa\u00f5 da presidencia da Federa\u00e7a\u00f5&nbsp; em resolver ou concluir um assunto de importancia e interessae geral, o Presidente&nbsp; do CONARS&nbsp; tem poder&nbsp; para solicitar&nbsp; ao Presidente da F.M.J-J&nbsp; a conclusa\u00f5 do assunto pendente e da sua competencia direta.<\/strong><\/span><\/td>\n<td width=\"61\"><strong>&nbsp;<\/strong><\/p>\n<p><strong>&nbsp;<\/strong><\/td>\n<\/tr>\n<tr>\n<td colspan=\"2\" width=\"672\">\n<h4><strong>O CONARS&nbsp; E&nbsp; SEUS&nbsp; MEMBROS&nbsp; POR&nbsp; GRADUA\u00c7A\u00d5&nbsp; E ORDEM ALFAB\u00c9TICA&nbsp; &nbsp;ATUALIZADOS. EM 2023<\/strong><\/h4>\n<\/td>\n<td width=\"61\"><strong>&nbsp;<\/strong><\/td>\n<\/tr>\n<tr>\n<td width=\"202\"><strong>MEMBROS TITULARES &#8211;&nbsp;&nbsp;&nbsp;&nbsp;&nbsp; <\/strong><\/td>\n<td width=\"470\"><strong>MESTRES<\/strong><\/td>\n<td width=\"61\"><strong>&nbsp;<\/strong><\/td>\n<\/tr>\n<tr>\n<td width=\"202\"><strong>1)- &nbsp;PRESIDENCIA (MINERVA)&nbsp;<\/strong><\/td>\n<td width=\"470\"><strong>ADAIR ALVES DE ALMEIDA&nbsp;&nbsp;&nbsp;&nbsp;&nbsp;&nbsp;&nbsp;&nbsp;&nbsp;&nbsp;&nbsp;&nbsp;&nbsp;&nbsp;&nbsp;&nbsp;&nbsp; 9\u00ba GRAU&nbsp;&nbsp;&nbsp;&nbsp; FAIXA VERMELHA<\/strong><\/td>\n<td width=\"61\"><strong>0002&nbsp;<\/strong><\/td>\n<\/tr>\n<tr>\n<td width=\"202\"><strong>2) -1\u00ba SECRETARIO&nbsp; &#8211;<\/strong><\/td>\n<td width=\"470\"><strong>HAMILTON LAGARES CORTES&#8211;&nbsp;&nbsp;&nbsp;&nbsp;&nbsp;&nbsp;&nbsp;&nbsp;&nbsp;&nbsp;&nbsp;&nbsp;&nbsp; 8\u00ba GRAU&nbsp;&nbsp; FAIXA RAJADA<\/strong><\/td>\n<td width=\"61\"><strong>&nbsp;0004<\/strong><\/td>\n<\/tr>\n<tr>\n<td width=\"202\"><strong>3)-&nbsp;&nbsp; 2\u00ba&nbsp; SECRETARIO&nbsp;<\/strong><\/td>\n<td width=\"470\"><strong>IRAN BRASILEIRO&nbsp; ALVARENGA-&nbsp;&nbsp;&nbsp;&nbsp;&nbsp;&nbsp; 8\u00ba GRAU- FAIXA RAJADA<\/strong><\/td>\n<td width=\"61\"><strong>&nbsp;0016<\/strong><\/td>\n<\/tr>\n<tr>\n<td width=\"202\"><strong>4)-&nbsp;&nbsp;<\/strong><\/td>\n<td width=\"470\"><strong>JOA\u00d5 ALBERTO ROSA LAGE&nbsp; &#8211;&nbsp;&nbsp;&nbsp;&nbsp;&nbsp;&nbsp; &#8211;&nbsp; 8\u00ba GRAU \u2013FAIXA RAJADA&nbsp;&nbsp;&nbsp;&nbsp;&nbsp;&nbsp;&nbsp;<\/strong><\/td>\n<td width=\"61\"><strong>&nbsp;0009<\/strong><\/td>\n<\/tr>\n<tr>\n<td width=\"202\"><strong>5)-<\/strong><\/td>\n<td width=\"470\"><strong>JOS\u00c9 ABEL&nbsp; MENDES&nbsp;&nbsp;&nbsp;&nbsp;&nbsp;&nbsp;&nbsp;&nbsp;&nbsp;&nbsp;&nbsp;&nbsp;&nbsp;&nbsp;&nbsp;&nbsp;&nbsp;&nbsp;&nbsp;&nbsp;&nbsp;&nbsp;&nbsp;&nbsp;&nbsp;&nbsp;&nbsp;&nbsp;&nbsp;&nbsp;&nbsp; 7\u00ba GRAU-&nbsp; FAIXA RAJADA<\/strong><\/td>\n<td width=\"61\"><strong>&nbsp;0020<\/strong><\/td>\n<\/tr>\n<tr>\n<td width=\"202\"><strong>6)-<\/strong><\/td>\n<td width=\"470\"><strong>JOS\u00c9 DOS SANTOS&nbsp;&nbsp; DE&nbsp; PAULA-&nbsp;&nbsp;&nbsp; &#8211;&nbsp; 8\u00ba GRAU \u2013 FAIXA RAJADA&nbsp;&nbsp;<\/strong><\/td>\n<td width=\"61\"><strong>&nbsp;0005<\/strong><\/td>\n<\/tr>\n<tr>\n<td width=\"202\"><strong>7)<\/strong><\/td>\n<td width=\"470\"><strong>LUIZ CARLOS SANTOS&nbsp;&nbsp;&nbsp;&nbsp;&nbsp;&nbsp;&nbsp;&nbsp;&nbsp;&nbsp;&nbsp;&nbsp;&nbsp;&nbsp;&nbsp;&nbsp;&nbsp;&nbsp;&nbsp;&nbsp;&nbsp;&nbsp;&nbsp;&nbsp;&nbsp;&nbsp;&nbsp;&nbsp;&nbsp; 7\u00ba GRAU&nbsp; -FAIXA CORAL<\/strong>&nbsp;&nbsp;&nbsp;&nbsp;&nbsp;&nbsp;&nbsp;&nbsp;&nbsp;&nbsp;&nbsp;<\/td>\n<td width=\"61\"><strong>&nbsp;0021<\/strong><\/td>\n<\/tr>\n<tr>\n<td colspan=\"2\" width=\"672\"><strong>MEMBROS&nbsp; SUPLENTES&nbsp;&nbsp;&nbsp;&nbsp;&nbsp;&nbsp;&nbsp;&nbsp;&nbsp;&nbsp;&nbsp;&nbsp;&nbsp;&nbsp;&nbsp;&nbsp;&nbsp;&nbsp;&nbsp;&nbsp;&nbsp; MESTRES<\/strong><\/td>\n<td width=\"61\"><strong>&nbsp;<\/strong><\/td>\n<\/tr>\n<tr>\n<td width=\"202\"><strong>8)<\/strong><\/td>\n<td width=\"470\"><strong>CARLOS ALBERTO J.PEREIRA&nbsp;&nbsp;&nbsp;&nbsp;&nbsp;&nbsp;&nbsp;&nbsp;&nbsp;&nbsp;&nbsp; 7\u00ba GRAU&nbsp;&nbsp; FAIXA CORAL<\/strong><\/td>\n<td width=\"61\"><strong>&nbsp;0098<\/strong><\/td>\n<\/tr>\n<tr>\n<td width=\"202\"><strong>9)<\/strong><\/td>\n<td width=\"470\"><strong>JOS\u00c9 CALIXTO P.FILHO&nbsp;&nbsp;&nbsp;&nbsp;&nbsp;&nbsp;&nbsp;&nbsp;&nbsp;&nbsp;&nbsp;&nbsp;&nbsp;&nbsp;&nbsp;&nbsp;&nbsp;&nbsp;&nbsp;&nbsp;&nbsp;&nbsp;&nbsp;&nbsp;&nbsp;&nbsp;&nbsp;&nbsp;&nbsp; 7\u00ba GRAU&nbsp;&nbsp;&nbsp; FAIXA CORAL<\/strong><\/td>\n<td width=\"61\"><strong>&nbsp;0028<\/strong><\/td>\n<\/tr>\n<tr>\n<td width=\"202\"><strong>10)<\/strong><\/td>\n<td width=\"470\"><strong>JOS\u00c9 FELIX&nbsp;&nbsp;&nbsp;&nbsp;&nbsp;&nbsp;&nbsp;&nbsp;&nbsp;&nbsp;&nbsp;&nbsp;&nbsp;&nbsp;&nbsp;&nbsp;&nbsp;&nbsp;&nbsp;&nbsp;&nbsp;&nbsp;&nbsp;&nbsp;&nbsp;&nbsp;&nbsp;&nbsp;&nbsp;&nbsp;&nbsp;&nbsp;&nbsp;&nbsp;&nbsp;&nbsp;&nbsp;&nbsp;&nbsp;&nbsp;&nbsp;&nbsp;&nbsp;&nbsp; 7\u00ba GRAU&nbsp;&nbsp; FAIXA CORAL<\/strong><\/td>\n<td width=\"61\"><strong>&nbsp;0054<\/strong><\/td>\n<\/tr>\n<tr>\n<td width=\"202\"><strong>11)<\/strong><\/td>\n<td width=\"470\"><strong>JUVENIL PEREIRA DE SOUZA&nbsp;&nbsp;&nbsp;&nbsp;&nbsp;&nbsp;&nbsp;&nbsp;&nbsp;&nbsp;&nbsp;&nbsp; 7\u00ba GRAU&nbsp;&nbsp;&nbsp; FAIXA CORAL<\/strong><\/td>\n<td width=\"61\"><strong>&nbsp;0036<\/strong><\/td>\n<\/tr>\n<tr>\n<td width=\"202\"><strong>12)<\/strong><\/td>\n<td width=\"470\"><strong>KENIS FELIX&nbsp;&nbsp;&nbsp;&nbsp;&nbsp;&nbsp;&nbsp;&nbsp;&nbsp;&nbsp;&nbsp;&nbsp;&nbsp;&nbsp;&nbsp;&nbsp; &nbsp;&nbsp;&nbsp;&nbsp;&nbsp;&nbsp;&nbsp;&nbsp;&nbsp;&nbsp;&nbsp;&nbsp;&nbsp;&nbsp;&nbsp;&nbsp;&nbsp;&nbsp;&nbsp;&nbsp;&nbsp;&nbsp;&nbsp;&nbsp;&nbsp;&nbsp;&nbsp;7\u00ba GRAU&nbsp;&nbsp; FAIXA CORAL<\/strong><\/td>\n<td width=\"61\"><strong>&nbsp;0063<\/strong><\/td>\n<\/tr>\n<tr>\n<td width=\"202\"><strong>13)&nbsp; &nbsp; TITULAR<\/strong><\/td>\n<td width=\"470\"><strong>RUI DINIZ FERREIRA&nbsp;&nbsp;&nbsp;&nbsp;&nbsp;&nbsp;&nbsp;&nbsp;&nbsp;&nbsp;&nbsp;&nbsp;&nbsp;&nbsp;&nbsp;&nbsp;&nbsp;&nbsp;&nbsp;&nbsp;&nbsp;&nbsp;&nbsp;&nbsp;&nbsp;&nbsp;&nbsp;&nbsp; 8\u00ba GRAU \u2013FAIXA RAJADA<\/strong><\/td>\n<td width=\"61\"><strong>&nbsp;0034<\/strong><\/td>\n<\/tr>\n<tr>\n<td width=\"202\"><strong>14)<\/strong><\/td>\n<td width=\"470\">&nbsp;<\/td>\n<td width=\"61\"><strong>&nbsp;<\/strong><\/td>\n<\/tr>\n<\/tbody>\n<\/table>\n<p><strong>&nbsp;<\/strong><\/p>\n<p><strong>Atendimento-Avenida Amazonas,885,3\u00ba\/348 conj. 348 &#8211; Centro. CEP 30180-000, Tel fixo (31) 3224 8979<\/strong><\/p>\n<p><a href=\"http:\/\/www.jiujitsuminas.com.br\"><strong>www.jiujitsuminas.com.br<\/strong><\/a><strong>.-mail:<\/strong><a href=\"mailto:fmjitsu@tera.com.br\"><strong>fmjitsu@tera.com.br<\/strong><\/a><strong>.&nbsp; <\/strong><strong><em>Auxiliares&nbsp;&nbsp;&nbsp;&nbsp; <\/em><\/strong><strong>98718-6904 \/ 98385 9592.<\/strong><\/p>\n<p>&nbsp;<\/p>\n","protected":false},"excerpt":{"rendered":"<div class=\"mh-excerpt\"><p>FEDERA\u00c7\u00c3O MINEIRA DE JIU-JITSU(F.M.J-J.)&nbsp; &nbsp; &nbsp; &nbsp; &nbsp; &nbsp; &nbsp; &nbsp; &nbsp; &nbsp; &nbsp; &nbsp; &nbsp; &nbsp; &nbsp; &nbsp; &nbsp; &nbsp; &nbsp; &nbsp; &nbsp; &nbsp; <a class=\"mh-excerpt-more\" href=\"https:\/\/jiujitsuminas.com.br\/01\/regulamento__trashed\/conars\" title=\"&#8211; CONARS &#8211; CONSELHO SUPERIOR DA F.M.J-J\">[&#8230;]<\/a><\/p>\n<\/div>","protected":false},"author":1,"featured_media":0,"parent":73,"menu_order":3,"comment_status":"closed","ping_status":"closed","template":"","meta":{"ngg_post_thumbnail":0,"footnotes":""},"class_list":["post-152","page","type-page","status-publish","hentry"],"_links":{"self":[{"href":"https:\/\/jiujitsuminas.com.br\/01\/wp-json\/wp\/v2\/pages\/152","targetHints":{"allow":["GET"]}}],"collection":[{"href":"https:\/\/jiujitsuminas.com.br\/01\/wp-json\/wp\/v2\/pages"}],"about":[{"href":"https:\/\/jiujitsuminas.com.br\/01\/wp-json\/wp\/v2\/types\/page"}],"author":[{"embeddable":true,"href":"https:\/\/jiujitsuminas.com.br\/01\/wp-json\/wp\/v2\/users\/1"}],"replies":[{"embeddable":true,"href":"https:\/\/jiujitsuminas.com.br\/01\/wp-json\/wp\/v2\/comments?post=152"}],"version-history":[{"count":26,"href":"https:\/\/jiujitsuminas.com.br\/01\/wp-json\/wp\/v2\/pages\/152\/revisions"}],"predecessor-version":[{"id":21789,"href":"https:\/\/jiujitsuminas.com.br\/01\/wp-json\/wp\/v2\/pages\/152\/revisions\/21789"}],"up":[{"embeddable":true,"href":"https:\/\/jiujitsuminas.com.br\/01\/wp-json\/wp\/v2\/pages\/73"}],"wp:attachment":[{"href":"https:\/\/jiujitsuminas.com.br\/01\/wp-json\/wp\/v2\/media?parent=152"}],"curies":[{"name":"wp","href":"https:\/\/api.w.org\/{rel}","templated":true}]}}