{"id":146,"date":"2017-10-05T18:18:29","date_gmt":"2017-10-05T18:18:29","guid":{"rendered":"https:\/\/jiujitsuminas.com.br\/01\/?page_id=146"},"modified":"2023-12-03T19:14:28","modified_gmt":"2023-12-03T22:14:28","slug":"links-uteis","status":"publish","type":"page","link":"https:\/\/jiujitsuminas.com.br\/01\/links-uteis","title":{"rendered":"&#8211; Links \u00fateis"},"content":{"rendered":"<div style=\"text-align: left;\" align=\"center\"><img loading=\"lazy\" decoding=\"async\" class=\"alignleft\" src=\"http:\/\/jiujitsuminas.com.br\/imagens\/raio.jpg\" alt=\"\" width=\"36\" height=\"44\" \/><strong>\u00a0<span class=\"style1311\">LINKS \u00daTEIS<\/span><\/strong><\/div>\n<h4 align=\"left\"><b>Minist\u00e9rio dos Esportes:<\/b>\u00a0<a href=\"http:\/\/www.esporte.gov.br\/\" target=\"_blank\" rel=\"noopener noreferrer\">http:\/\/www.esporte.gov.br<\/a><br \/>\n<b>Comit\u00ea Ol\u00edmpico Brasileiro:<\/b>\u00a0<a href=\"http:\/\/www.cob.org.br\/\" target=\"_blank\" rel=\"noopener noreferrer\">http:\/\/www.cob.org.br<\/a><\/h4>\n<h4 align=\"left\"><b>Confedera\u00e7\u00e3o Brasileira de Jiu-Jitsu:<\/b>\u00a0<a href=\"http:\/\/www.cbjj.com.br\/\" target=\"_blank\" rel=\"noopener noreferrer\">http:\/\/www.cbjj.com.br<\/a><br \/>\n<b><br \/>\nLiga\u00a0 Brasileira de Jiu-Jitsu.\u00a0<\/b>\u00a0www.lbjj.com.br<b><\/b><\/h4>\n<h4>Federa\u00e7\u00e3o de Jiu-Jitsu do Estado do Rio de Janeiro:\u00a0<a href=\"http:\/\/www.fjj-rio.com\/\" target=\"_blank\" rel=\"noopener noreferrer\">http:\/\/www.fjj-rio.com<\/a><b><br \/>\n<\/b><\/h4>\n<h4 align=\"left\"><b>Federa\u00e7\u00e3o Mineira de Jiu-Jitsu( F.M.J-J):<\/b>\u00a0<a href=\"http:\/\/www.jiujitsuminas.com.br\/\" target=\"_blank\" rel=\"noopener noreferrer\">http:\/\/www.jiujitsuminas.com.br<\/a><b><br \/>\n<\/b><\/h4>\n<h4 align=\"left\"><b>Federa\u00e7\u00e3o Paulista de Jiu-Jitsu:<\/b>\u00a0<a href=\"http:\/\/www.fpjj.com.br\/\" target=\"_blank\" rel=\"noopener noreferrer\">http:\/\/www.fpjj.com.br<\/a><b><br \/>\n<\/b><\/h4>\n<h4 align=\"left\"><b>Federa\u00e7\u00e3o Baiana de Jiu-Jitsu:<\/b>\u00a0<a href=\"http:\/\/www.fbjj.com.br\/\" target=\"_blank\" rel=\"noopener noreferrer\">http:\/\/www.fbjj.com.br<\/a><\/h4>\n<h4 align=\"left\"><b>Federa\u00e7\u00e3o de Jiu-Jitsu do Esp\u00edrito Santo:<\/b>\u00a0<a href=\"http:\/\/www.jiujitsu-es.com.br\/\" target=\"_blank\" rel=\"noopener noreferrer\">http:\/\/www.jiujitsu-es.com.br<\/a><\/h4>\n<h4 align=\"left\"><b>Federa\u00e7\u00e3o de Jiu-Jitsu do Estado do Rio Grande do Sul:<\/b><a href=\"http:\/\/www.fjjrs.com.br\/\" target=\"_blank\" rel=\"noopener noreferrer\">http:\/\/www.fjjrs.com.br<\/a><\/h4>\n<h4 align=\"left\"><b>Federa\u00e7\u00e3o de Jiu-Jitsu do Distrito Federal:<\/b><a href=\"http:\/\/www.fjjdf.com.br\/\" target=\"_blank\" rel=\"noopener noreferrer\">http:\/\/www.fjjdf.com.br<\/a><\/h4>\n<h4 style=\"text-align: center;\" align=\"left\"><span style=\"color: #0000ff;\">Pratique jiu-jitsu em equipe \u00a0federad<a href=\"https:\/\/jiujitsuminas.com.br\/01\/fmj-j\/equipes-federadas\/\">a &gt;&gt;&gt;<\/a><\/span><\/h4>\n","protected":false},"excerpt":{"rendered":"<div class=\"mh-excerpt\"><p>\u00a0LINKS \u00daTEIS Minist\u00e9rio dos Esportes:\u00a0http:\/\/www.esporte.gov.br Comit\u00ea Ol\u00edmpico Brasileiro:\u00a0http:\/\/www.cob.org.br Confedera\u00e7\u00e3o Brasileira de Jiu-Jitsu:\u00a0http:\/\/www.cbjj.com.br Liga\u00a0 Brasileira de Jiu-Jitsu.\u00a0\u00a0www.lbjj.com.br Federa\u00e7\u00e3o de Jiu-Jitsu do Estado do Rio de Janeiro:\u00a0http:\/\/www.fjj-rio.com <a class=\"mh-excerpt-more\" href=\"https:\/\/jiujitsuminas.com.br\/01\/links-uteis\" title=\"&#8211; Links \u00fateis\">[&#8230;]<\/a><\/p>\n<\/div>","protected":false},"author":1,"featured_media":0,"parent":0,"menu_order":5,"comment_status":"closed","ping_status":"closed","template":"","meta":{"ngg_post_thumbnail":0,"footnotes":""},"class_list":["post-146","page","type-page","status-publish","hentry"],"_links":{"self":[{"href":"https:\/\/jiujitsuminas.com.br\/01\/wp-json\/wp\/v2\/pages\/146","targetHints":{"allow":["GET"]}}],"collection":[{"href":"https:\/\/jiujitsuminas.com.br\/01\/wp-json\/wp\/v2\/pages"}],"about":[{"href":"https:\/\/jiujitsuminas.com.br\/01\/wp-json\/wp\/v2\/types\/page"}],"author":[{"embeddable":true,"href":"https:\/\/jiujitsuminas.com.br\/01\/wp-json\/wp\/v2\/users\/1"}],"replies":[{"embeddable":true,"href":"https:\/\/jiujitsuminas.com.br\/01\/wp-json\/wp\/v2\/comments?post=146"}],"version-history":[{"count":6,"href":"https:\/\/jiujitsuminas.com.br\/01\/wp-json\/wp\/v2\/pages\/146\/revisions"}],"predecessor-version":[{"id":20557,"href":"https:\/\/jiujitsuminas.com.br\/01\/wp-json\/wp\/v2\/pages\/146\/revisions\/20557"}],"wp:attachment":[{"href":"https:\/\/jiujitsuminas.com.br\/01\/wp-json\/wp\/v2\/media?parent=146"}],"curies":[{"name":"wp","href":"https:\/\/api.w.org\/{rel}","templated":true}]}}