{"id":142,"date":"2017-10-05T18:16:09","date_gmt":"2017-10-05T18:16:09","guid":{"rendered":"https:\/\/jiujitsuminas.com.br\/01\/?page_id=142"},"modified":"2025-04-14T14:19:18","modified_gmt":"2025-04-14T17:19:18","slug":"impressos-fmj-j","status":"publish","type":"page","link":"https:\/\/jiujitsuminas.com.br\/01\/impressos-fmj-j","title":{"rendered":"FORMUL\u00c1RIOS F.M.J-J"},"content":{"rendered":"<p>&nbsp;<\/p>\n<h2><strong><span style=\"color: #339966; font-family: Athena;\">SEGUE OS &#8220;IMPRESSOS DA FMJJ&#8221;<\/span><\/strong><\/h2>\n<h2><strong><span style=\"color: #339966; font-family: Athena;\">QUALQUER DUVIDA OU ERRO, CONTATAR A FMJJ.<\/span><\/strong><\/h2>\n<p>&nbsp;<\/p>\n<ul>\n<li>\n<h3><em><a href=\"https:\/\/jiujitsuminas.com.br\/01\/impressos-fmj-j\/ficha-de-filiacao-2\" target=\"_blank\" rel=\"attachment noopener wp-att-23268\">Ficha de filia\u00e7\u00e3o<\/a> <\/em><\/h3>\n<\/li>\n<li>\n<h3><em><a href=\"https:\/\/jiujitsuminas.com.br\/01\/impressos-fmj-j\/ficha-de-inscricao-torneio\" target=\"_blank\" rel=\"attachment noopener wp-att-23269\">Ficha de inscri\u00e7ao torneio<\/a><\/em><\/h3>\n<\/li>\n<li>\n<h3><em> <a href=\"https:\/\/jiujitsuminas.com.br\/01\/impressos-fmj-j\/ficha-de-transferencia\" target=\"_blank\" rel=\"attachment noopener wp-att-23270\">ficha de transferencia<\/a> <\/em><\/h3>\n<\/li>\n<li>\n<h3><em><a href=\"https:\/\/jiujitsuminas.com.br\/01\/impressos-fmj-j\/ficha-mudanca-de-faixas\" target=\"_blank\" rel=\"attachment noopener wp-att-23271\">ficha mudan\u00e7a de faixas<\/a><\/em><\/h3>\n<\/li>\n<li>\n<h3><em> <a href=\"https:\/\/jiujitsuminas.com.br\/01\/impressos-fmj-j\/tabela-de-pesos-de-4-a-15-anos\" target=\"_blank\" rel=\"attachment noopener wp-att-23272\">Tabela de pesos de 4 a 15 anos<\/a> <\/em><\/h3>\n<\/li>\n<li>\n<h3><em><a href=\"https:\/\/jiujitsuminas.com.br\/01\/impressos-fmj-j\/tabela-de-pesos-de-16-anos-em-diante\" target=\"_blank\" rel=\"attachment noopener wp-att-23273\">Tabela de pesos de 16 anos em diante<\/a> <\/em><\/h3>\n<\/li>\n<li>\n<h3><em><a href=\"https:\/\/jiujitsuminas.com.br\/01\/impressos-fmj-j\/taxas-da-fmjj-2025-2\" target=\"_blank\" rel=\"attachment noopener wp-att-23274\">TAXAS DA FMJJ 2025<\/a><\/em><\/h3>\n<\/li>\n<\/ul>\n<h3 style=\"text-align: center; font-family: Athena;\"><strong><span style=\"color: #ff0000;\">ARQUIVOS ACIMA EM PDF<\/span><\/strong><\/h3>\n<h3 style=\"text-align: center; font-family: Athena;\"><strong><span style=\"color: #ff0000;\">(Apenas clicar para acessa-los)<\/span><\/strong><\/h3>\n<p>&nbsp;<\/p>\n<h5>&nbsp;<\/h5>\n","protected":false},"excerpt":{"rendered":"<div class=\"mh-excerpt\"><p>&nbsp; SEGUE OS &#8220;IMPRESSOS DA FMJJ&#8221; QUALQUER DUVIDA OU ERRO, CONTATAR A FMJJ. &nbsp; Ficha de filia\u00e7\u00e3o Ficha de inscri\u00e7ao torneio ficha de transferencia ficha <a class=\"mh-excerpt-more\" href=\"https:\/\/jiujitsuminas.com.br\/01\/impressos-fmj-j\" title=\"FORMUL\u00c1RIOS F.M.J-J\">[&#8230;]<\/a><\/p>\n<\/div>","protected":false},"author":1,"featured_media":0,"parent":0,"menu_order":3,"comment_status":"closed","ping_status":"closed","template":"","meta":{"ngg_post_thumbnail":0,"footnotes":""},"class_list":["post-142","page","type-page","status-publish","hentry"],"_links":{"self":[{"href":"https:\/\/jiujitsuminas.com.br\/01\/wp-json\/wp\/v2\/pages\/142","targetHints":{"allow":["GET"]}}],"collection":[{"href":"https:\/\/jiujitsuminas.com.br\/01\/wp-json\/wp\/v2\/pages"}],"about":[{"href":"https:\/\/jiujitsuminas.com.br\/01\/wp-json\/wp\/v2\/types\/page"}],"author":[{"embeddable":true,"href":"https:\/\/jiujitsuminas.com.br\/01\/wp-json\/wp\/v2\/users\/1"}],"replies":[{"embeddable":true,"href":"https:\/\/jiujitsuminas.com.br\/01\/wp-json\/wp\/v2\/comments?post=142"}],"version-history":[{"count":29,"href":"https:\/\/jiujitsuminas.com.br\/01\/wp-json\/wp\/v2\/pages\/142\/revisions"}],"predecessor-version":[{"id":23276,"href":"https:\/\/jiujitsuminas.com.br\/01\/wp-json\/wp\/v2\/pages\/142\/revisions\/23276"}],"wp:attachment":[{"href":"https:\/\/jiujitsuminas.com.br\/01\/wp-json\/wp\/v2\/media?parent=142"}],"curies":[{"name":"wp","href":"https:\/\/api.w.org\/{rel}","templated":true}]}}