{"id":13246,"date":"2021-01-18T17:01:02","date_gmt":"2021-01-18T20:01:02","guid":{"rendered":"https:\/\/jiujitsuminas.com.br\/01\/?page_id=13246"},"modified":"2025-11-20T17:52:45","modified_gmt":"2025-11-20T20:52:45","slug":"faixas-pretas-e-mestres","status":"publish","type":"page","link":"https:\/\/jiujitsuminas.com.br\/01\/faixas-pretas-e-mestres","title":{"rendered":"0S FAIXAS PRETAS E GRADUADOS ATUALIZADOS NO ANO EM CURSO  -E OS  REGISTROS DESDE 1975 ( PRESENTES E AUSENTES)             EFINITIVO DESDE  1974"},"content":{"rendered":"<p><img loading=\"lazy\" decoding=\"async\" class=\"size-medium wp-image-17196 aligncenter\" src=\"https:\/\/jiujitsuminas.com.br\/01\/wp-content\/uploads\/2022\/06\/BAMDEIRA-300x89.gif\" alt=\"\" width=\"300\" height=\"89\" srcset=\"https:\/\/jiujitsuminas.com.br\/01\/wp-content\/uploads\/2022\/06\/BAMDEIRA-300x89.gif 300w, https:\/\/jiujitsuminas.com.br\/01\/wp-content\/uploads\/2022\/06\/BAMDEIRA-1024x302.gif 1024w, https:\/\/jiujitsuminas.com.br\/01\/wp-content\/uploads\/2022\/06\/BAMDEIRA-150x44.gif 150w, https:\/\/jiujitsuminas.com.br\/01\/wp-content\/uploads\/2022\/06\/BAMDEIRA-768x227.gif 768w\" sizes=\"auto, (max-width: 300px) 100vw, 300px\" \/><\/p>\n<h3 style=\"text-align: center;\"><strong>FEDERA\u00c7\u00c3O MINEIRA DE JIU-JITSU<\/strong><strong>&nbsp;&nbsp;&nbsp; <em>F.M.J-J<\/em>.&nbsp; &nbsp; &nbsp; &nbsp;<\/strong><\/h3>\n<h4><strong>&nbsp; &nbsp; &nbsp; &nbsp; &nbsp; &nbsp; &nbsp; &nbsp; &nbsp; &nbsp; &nbsp; &nbsp; &nbsp; &nbsp; &nbsp; &nbsp; &nbsp; &nbsp; &nbsp; &nbsp; &nbsp; &nbsp; &nbsp; &nbsp; &nbsp;<span style=\"color: #ff0000;\">ENTIDADE&nbsp; REGIONAL DE&nbsp; ADMINISTRA\u00c7\u00c3O&nbsp; DE&nbsp; DESPORTO&nbsp; -UTILIDADE P\u00daBLICA ESTADUAL LEI N\u00ba 24276\/23&nbsp; &nbsp; &nbsp; Representativa do jiu-jitsu no Estado de Minas Gerais .&nbsp; &nbsp; <\/span>&nbsp;<\/strong>Reconhecida pelo Minist\u00e9rio de Educa\u00e7\u00e3o e Cultura (MEC) e Conselho Nacional de Desportos (CND) em 1976.&nbsp;&nbsp; Registros:&nbsp; Secretaria de &nbsp;Estado de Esportes, de Infraestrutura e Mobilidade (SEINFRA), de Desenvolvimento Social( SEDESE) .Secretaria Municipal de Esportes (BH).&nbsp; Desde&nbsp; 1975&nbsp; promovendo e&nbsp; realizando&nbsp; <span style=\"font-size: 13.28px;\">ininterruptamente<\/span> o campeonato estadual mineiro de jiu-jitsu.&nbsp; &nbsp; &nbsp; &nbsp; &nbsp;<strong style=\"font-size: 16px;\">BELO HORIZONTE&nbsp; &nbsp; &nbsp; &nbsp; MINAS GERAIS.<\/strong><\/h4>\n<h3 style=\"text-align: center;\"><strong><span style=\"color: #0000ff;\">&nbsp;FAIXAS PRETAS&nbsp; PORTADORES&nbsp; DA CREDENCIAL 2024&nbsp; E OS J\u00c1 ATUALIZADOS 2025.&nbsp; &nbsp; &nbsp; &nbsp; &nbsp; &nbsp; &nbsp; &nbsp; &nbsp; &nbsp; &nbsp; &nbsp; &nbsp; &nbsp; &nbsp; &nbsp; &nbsp; &nbsp; &nbsp; &nbsp; &nbsp; &nbsp; &nbsp; &nbsp; &nbsp; &nbsp; &nbsp; &nbsp; &nbsp; &nbsp; &nbsp; &nbsp; &nbsp; &nbsp; &nbsp; &nbsp; &nbsp; &nbsp; &nbsp; &nbsp;<\/span><\/strong><strong style=\"font-size: 16px;\"><span style=\"color: #0000ff;\">RELA\u00c7A\u00d5&nbsp; &nbsp;ANOM\u00c1STICA&nbsp; POR&nbsp; GRADUA\u00c7\u00c3O &#8211;<\/span><\/strong><\/h3>\n<h4><span style=\"color: #ff0000;\"><strong>&nbsp;<em><span style=\"color: #000000;\">ABAIXO&nbsp; DESTA&nbsp; CONSTA&nbsp; A&nbsp; 2\u00aa RELA\u00c7\u00c3O &#8211;&nbsp; &nbsp;POR ORDEM DE NOMES ,&nbsp; DE&nbsp; &nbsp;TODOS OS&nbsp; FAIXAS PRETAS&nbsp; REGITRARAM&nbsp; &nbsp;E VINCULADOS A&nbsp; F.M.J-J , DESDE O INICIO&nbsp; 1974&nbsp; AT\u00c9&nbsp; A ATUALIDADE- PRESENTES,AUSENTES,INADIPLENTES.. <\/span><\/em><\/strong><\/span><\/h4>\n<hr>\n<h3 style=\"text-align: center;\"><img loading=\"lazy\" decoding=\"async\" class=\"wp-image-15079 alignleft\" src=\"https:\/\/jiujitsuminas.com.br\/01\/wp-content\/uploads\/2021\/07\/faixa-preta-imagem-150x100-1.jpg\" alt=\"\" width=\"107\" height=\"71\"><\/h3>\n<h2 style=\"text-align: left;\"><span style=\"color: #ff0000;\">&nbsp; PS. AGUARDAR -REGULARIZANDO !<\/span><\/h2>\n<h2 style=\"text-align: center;\">2025<\/h2>\n<h3 style=\"text-align: left;\"><span style=\"color: #0000ff;\"><strong>PORTADORES&nbsp; DA CREDENCIAL&nbsp; &nbsp;2024&nbsp; E ATUALIZADOS&nbsp; AT\u00c9&nbsp; ABRIL 2025&nbsp; &nbsp; &nbsp; &nbsp; &nbsp; &nbsp; &nbsp; &nbsp; &nbsp; &nbsp; &nbsp; &nbsp; &nbsp; &nbsp; &nbsp; &nbsp; &nbsp; &nbsp; &nbsp; &nbsp; &nbsp; &nbsp; &nbsp; &nbsp; &nbsp; &nbsp; &nbsp; &nbsp; &nbsp; &nbsp; &nbsp; &nbsp; &nbsp; &nbsp; &nbsp; &nbsp; &nbsp; &nbsp; &nbsp; &nbsp; &nbsp; &nbsp; &nbsp; &nbsp; &nbsp; &nbsp; &nbsp; &nbsp; &nbsp; &nbsp; <\/strong><\/span><\/h3>\n<h4 style=\"text-align: left;\"><span style=\"color: #ff0000;\">&nbsp;<\/span><span style=\"color: #ff0000;\"><strong>9\u00ba GR<\/strong><\/span><strong><em><span style=\"color: #ff0000;\">AU = &nbsp;GRANDE MESTRE ( FAIXA VERMELHA E \u00daLTIMO &nbsp;CONCEDIDO PELA &nbsp;F.M.J-J.)<\/span><br \/>\n8\u00ba GRAU = MESTRE FAIXA RAJADA&nbsp;&nbsp;&nbsp;&nbsp; (&nbsp; VERMELHA E BRANCA )<br \/>\n7\u00ba GRAU =MESTRE FAIXA CORAL&nbsp;&nbsp;&nbsp;&nbsp;&nbsp;&nbsp; ( PRETA E VERMELHA )&nbsp;<\/em><\/strong><\/h4>\n<h3 style=\"text-align: center;\"><span style=\"color: #ff0000;\"><strong>VALOR DAS FAIXAS PRETAS&nbsp;<\/strong><\/span><\/h3>\n<h4 style=\"text-align: center;\"><strong>FAIXA PRTA&nbsp; LISA-<\/strong><strong>&nbsp;<em> LUTADOR<\/em>;&nbsp; &nbsp;<\/strong><strong style=\"font-size: 16px;\">1\u00ba GRAU &#8211;&nbsp; <em>INSTRUTOR E ASPIRANTE AO 2\u00ba GRAU<\/em> ;&nbsp; 2\u00ba GRAU- <em>ASPIRANTE AO 3\u00ba GRAU (PROFESSOR)<\/em>;&nbsp; &nbsp;<\/strong><strong style=\"font-size: 16px;\">&nbsp; 4\u00ba <\/strong><strong style=\"font-size: 16px;\">&nbsp;AO 6\u00ba GRAU- <em>P<\/em><\/strong><em><strong style=\"font-size: 16px;\">ROFESSORES <\/strong><\/em><strong style=\"font-size: 16px;\"><em>E SUPERVISORE<\/em>S. ;&nbsp; 7\u00ba E 8\u00ba&nbsp; GRAU<em>-MESTRE<\/em>&nbsp;;&nbsp; 9\u00ba GRAU GRAU<\/strong><strong style=\"font-size: 16px;\">&nbsp;<\/strong><strong>&#8211;<\/strong><em><strong>GRANDE MESTRE.<\/strong><\/em><strong>&nbsp;<\/strong><\/h4>\n<h3>&nbsp;<span style=\"color: #ff0000;\"><strong>O&nbsp; FEDERADO&nbsp; &nbsp; &nbsp; &nbsp; &nbsp; &nbsp; &nbsp; &nbsp; &nbsp; &nbsp; &nbsp; &nbsp; &nbsp; &nbsp; &nbsp;N\u00ba RG&nbsp; &nbsp; &nbsp;FAIXA\/ GRAU&nbsp; &nbsp; &nbsp;EQUIPE&nbsp; &nbsp; &nbsp; &nbsp; &nbsp; &nbsp; &nbsp; &nbsp; &nbsp; &nbsp; &nbsp;CREDEN.&nbsp;<\/strong><\/span><\/h3>\n<h4><span style=\"color: #ff0000;\"><strong>&nbsp;<\/strong><\/span><strong>ADAIR ALVES DE ALMEIDA&nbsp; &nbsp; &nbsp; &nbsp; &nbsp; &nbsp; 0002&nbsp; &nbsp; &nbsp; &nbsp; &nbsp;VERMELHA-9\u00aa&nbsp; &nbsp; &nbsp; &nbsp; SANSHIRO\/BH&nbsp; &nbsp; &nbsp; &nbsp; &nbsp; &nbsp; &nbsp; &nbsp; &nbsp; &nbsp; &nbsp; &nbsp; &nbsp; &nbsp;2025&nbsp; &nbsp; &nbsp; &nbsp; &nbsp; &nbsp; &nbsp; &nbsp; &nbsp; &nbsp; &nbsp; &nbsp; &nbsp; &nbsp; &nbsp; &nbsp; &nbsp;<\/strong><\/h4>\n<p>&nbsp;<\/p>\n<p>&nbsp;<\/p>\n<p>&nbsp;<\/p>\n<p>&nbsp;<\/p>\n<p>&nbsp;<\/p>\n<p>&nbsp;<\/p>\n<p>&nbsp;<\/p>\n<h3>&nbsp; &nbsp;2025&nbsp; &#8211;&nbsp; &nbsp;1\u00ba&nbsp; &nbsp;ETAPA&nbsp;<\/h3>\n<h3>&nbsp;<span style=\"color: #0000ff;\">OS OFICIALMENTE DIPLOMADOS&nbsp; E OS ELEVADOS EM 16 DE MAR\u00c7O NO&nbsp; GINASIO TROPICAL&nbsp; EM&nbsp; CONTAGEM.<\/span><\/h3>\n<h4><strong>FAIXA&nbsp; &nbsp;LISA:&nbsp; &nbsp;Adriana Aparecida da Costa &#8211; 0520(Villa Real) , Guilherme Guerra P. Camillozzi &#8211; 0521( Estrela do Oriente ), Jalison de Souza -0522 ( Villa&nbsp; Real) ,&nbsp; Marcos&nbsp; Pereira de Souza- 0523 (Koinonya) , Rogerio Rodrigo Rangel Pessanha<\/strong><strong>-0524 -( Estrela do Oriente)&nbsp; &#8211;&nbsp; &nbsp; &nbsp; &nbsp;1\u00ba GRAU-&nbsp; Gabriel Luca Nasacimemto -0424&nbsp; (Estreka do Oriente) ;&nbsp; &nbsp; &nbsp; &nbsp;2\u00aa GRAU- Thais de Oliveira Souza Martins -0460&nbsp; &nbsp;( Peposo) ;&nbsp; &nbsp; &nbsp; &nbsp;3&nbsp; \u00ba GRAU &#8211;&nbsp; Cleiquer Augusto da Silva&nbsp; &#8211; 0296 ( Estrela do Oriente);&nbsp; &nbsp; &nbsp; &nbsp;4\u00ba&nbsp; GRAU- Vilson Antonio da Silva &#8211; 0302 ( Irma\u00f5s Felix)&nbsp; ;&nbsp; &nbsp; <span style=\"color: #ff0000;\">&nbsp;MESTRES:&nbsp; &nbsp;FAIXA RAJADA&nbsp; &nbsp;8\u00ba GRAU&nbsp; &nbsp;UIZ&nbsp; CARLOS&nbsp; DS&nbsp; SANTOS&nbsp; -0021 (Drag\u00f5es da Inconfidencia )&nbsp; ; GRANDE&nbsp; MESTRE&nbsp; FAIXA&nbsp; VERMELHA&nbsp; 9\u00ba GRAU&nbsp; &nbsp;JOS\u00c9&nbsp; SANTOS&nbsp; DE&nbsp; PAULA&nbsp; &#8211; 0005&nbsp; ( Santos) .<\/span><\/strong><\/h4>\n<p>&nbsp;<\/p>\n<p>&nbsp;<\/p>\n<p>&nbsp;<\/p>\n<p>&nbsp;<\/p>\n<p>&nbsp;<\/p>\n<p>&nbsp;<\/p>\n<p>&nbsp;<\/p>\n<p>&nbsp;<\/p>\n<p>&nbsp;<\/p>\n<p>&nbsp;<\/p>\n<p>&nbsp;<\/p>\n<p>&nbsp;<\/p>\n<p>&nbsp;<\/p>\n<p>&nbsp;<\/p>\n<p>&nbsp;<\/p>\n","protected":false},"excerpt":{"rendered":"<div class=\"mh-excerpt\"><p>FEDERA\u00c7\u00c3O MINEIRA DE JIU-JITSU&nbsp;&nbsp;&nbsp; F.M.J-J.&nbsp; &nbsp; &nbsp; &nbsp; &nbsp; &nbsp; &nbsp; &nbsp; &nbsp; &nbsp; &nbsp; &nbsp; &nbsp; &nbsp; &nbsp; &nbsp; &nbsp; &nbsp; &nbsp; &nbsp; &nbsp; <a class=\"mh-excerpt-more\" href=\"https:\/\/jiujitsuminas.com.br\/01\/faixas-pretas-e-mestres\" title=\"0S FAIXAS PRETAS E GRADUADOS ATUALIZADOS NO ANO EM CURSO  -E OS  REGISTROS DESDE 1975 ( PRESENTES E AUSENTES)             EFINITIVO DESDE  1974\">[&#8230;]<\/a><\/p>\n<\/div>","protected":false},"author":1,"featured_media":0,"parent":0,"menu_order":0,"comment_status":"closed","ping_status":"closed","template":"","meta":{"ngg_post_thumbnail":0,"footnotes":""},"class_list":["post-13246","page","type-page","status-publish","hentry"],"_links":{"self":[{"href":"https:\/\/jiujitsuminas.com.br\/01\/wp-json\/wp\/v2\/pages\/13246","targetHints":{"allow":["GET"]}}],"collection":[{"href":"https:\/\/jiujitsuminas.com.br\/01\/wp-json\/wp\/v2\/pages"}],"about":[{"href":"https:\/\/jiujitsuminas.com.br\/01\/wp-json\/wp\/v2\/types\/page"}],"author":[{"embeddable":true,"href":"https:\/\/jiujitsuminas.com.br\/01\/wp-json\/wp\/v2\/users\/1"}],"replies":[{"embeddable":true,"href":"https:\/\/jiujitsuminas.com.br\/01\/wp-json\/wp\/v2\/comments?post=13246"}],"version-history":[{"count":235,"href":"https:\/\/jiujitsuminas.com.br\/01\/wp-json\/wp\/v2\/pages\/13246\/revisions"}],"predecessor-version":[{"id":23319,"href":"https:\/\/jiujitsuminas.com.br\/01\/wp-json\/wp\/v2\/pages\/13246\/revisions\/23319"}],"wp:attachment":[{"href":"https:\/\/jiujitsuminas.com.br\/01\/wp-json\/wp\/v2\/media?parent=13246"}],"curies":[{"name":"wp","href":"https:\/\/api.w.org\/{rel}","templated":true}]}}