{"id":12999,"date":"2020-12-28T14:39:25","date_gmt":"2020-12-28T17:39:25","guid":{"rendered":"https:\/\/jiujitsuminas.com.br\/01\/?page_id=12999"},"modified":"2025-04-14T15:02:16","modified_gmt":"2025-04-14T18:02:16","slug":"estudos","status":"publish","type":"page","link":"https:\/\/jiujitsuminas.com.br\/01\/estudos","title":{"rendered":"INFORMA\u00c7\u00d5ES DIVERSAS"},"content":{"rendered":"<h2 style=\"text-align: center;\"><span style=\"color: #ff0000;\">INFORMA\u00c7\u00d5ES&nbsp; DIVERSAS ,COMENTARIOS&nbsp; E SUGEST\u00d5ES<\/span> <strong>&nbsp; &nbsp; &nbsp;&nbsp;<\/strong><\/h2>\n<p>&nbsp;<\/p>\n<hr>\n<h3><span style=\"color: #000080;\"><b style=\"color: #000080;\">OS <\/b><span style=\"color: #000080;\"><b>BENEF\u00cdCIOS<\/b><\/span><b style=\"color: #000080;\"> DO JIU-JITSU<\/b><\/span><\/h3>\n<p><strong>O jiu-jitsu, uma das mais antigas dentre as&nbsp; artes marciais, prepara o seu praticante para as intemp\u00e9ries da vida&nbsp; sejam quais&nbsp; forem&nbsp; as circunstancias . Os movimentos do seu kat\u00e1 ,feitos com assiduidade garante ao seu praticantes um preparo&nbsp; f\u00edsico incomum,onde a objetividade n\u00e3o \u00e9 simplesmente a for\u00e7a&nbsp; muscular.<\/strong><\/p>\n<p><b>|A&nbsp; destreza dos movimentos , o reflexo incomum proporcionam um bem estar, sa\u00fade f\u00edsica e mental que&nbsp; s\u00e3o altamente beneficentes . Seu m\u00e9todo de respira\u00e7\u00e3o permite&nbsp; a calma necess\u00e1ria ou a destreza \u00fatil e preparativa sem o constrangimento da ansiedade na vida comum. \u00c8 tamb\u00e9m um esporte incomum.E&nbsp; como tal,&nbsp; traz benef\u00edcios a qualquer idade,desde que seu praticantes esteja sendo bem orientado&nbsp;&nbsp; em todos os sentidos.Ha conhecimento de praticantes do jiu-jitsu com mais de 80 ano&nbsp; em plena&nbsp; dom\u00ednio&nbsp; dos seus atributos . <\/b><strong>&nbsp;<\/strong><\/p>\n<p>&nbsp;<\/p>\n<hr>\n<h4 style=\"text-align: left;\"><span style=\"color: #0000ff;\">&nbsp; &nbsp; ESTADO PROMETEU&nbsp; E CUMPRIU !<br \/>\n<\/span>SA\u00cdDA DAS FEDERA\u00c7\u00d5ES&nbsp; DE&nbsp; SALAS DO MINEIRINHO E DO GIN\u00c1SIO&nbsp; POLIESPORTIVO-&nbsp; &nbsp;II- 2020<\/h4>\n<h4>&nbsp;A&nbsp; F.M.J-J ,entidade sem fins lucrativos&nbsp; e&nbsp; utilidade p\u00fablica&nbsp; na\u00f5&nbsp; cobro ingressos, n\u00e3o recebe verba auxiliar estadual&nbsp; desde 1988 . Do Estado ela&nbsp; tinha o beneficio&nbsp; do uso da sala 413&nbsp; e do eventos sem taxas no Gin\u00e1sio do Mineirinho.<\/h4>\n<h4>Agora,&nbsp; todo o material do almoxarifado , foi levado&nbsp; para uma sala na&nbsp; escola&nbsp; Amalia&nbsp; &nbsp; &nbsp; &nbsp;situatuada no barro sagrada fam\u00edlia. Mas o escrit\u00f3rio e atendimento continua na Avenida Amazonas,885,3\u00ba andar sala 348. Pequena mas&nbsp; esta no centro de Belo Horizonte e mais f\u00e1cil&nbsp; de encontrar e ser&nbsp; atendido .Do Mineirinho fica a saudade de tantos ali bem atendidos pela ADEMG&nbsp; .Agora ,&nbsp; &nbsp;sob comando de terceiros para fins comercias. Federa\u00e7\u00f5es&nbsp; esportivas do esporte amador&nbsp; especializado, notadamente as de m\u00e9dio e pequeno porte ,organizadoras dos campeonatos estaduais e at\u00e9 nacionais , com certeza n\u00e3o&nbsp; ter\u00e3o oportunidade l\u00e1. . Ele&nbsp; agora \u00e9&nbsp; para auferir lucros&nbsp; para os concession\u00e1rios.<\/h4>\n<h4>A Federa\u00e7a\u00f5 de Jiu-Jitsu&nbsp; &nbsp;obteve das cidades da grande BH,como&nbsp; BRUMADINHO (patrocinio) ,CONTAGEM (apoio) ,RIBEIRA\u00d5 DAS NEVES ( apoio ), SANTA LUZIA&nbsp; (apoio) , VESPASIANO( patrocinio) em algumas etapas&nbsp; este valioso apoio. Em 2024&nbsp;&nbsp; continua&nbsp; sua busca&nbsp; de local adequado&nbsp; para realizar&nbsp; as&nbsp; etapa&nbsp; do&nbsp; estadual Mineiro de Jiu-Jitsu 2024. At\u00e9 que seja possivel um Poliesportivo para ela e as demais federa\u00e7\u00f5es&nbsp; esportivas na mesma situa\u00e7a\u00f5. Mas&nbsp; ela&nbsp; conseguio em 2021,2022 e 2023 , Ginasios Poliesportivos paras&nbsp; etapas dos estaduais em&nbsp; cidades da Grande BH guir&nbsp; espa\u00e7o&nbsp; e at\u00e9 parceria.&nbsp; O governo Municipal aliado do Estadual na\u00f5 deixar\u00e3o&nbsp; as federa\u00e7\u00f5es&nbsp; esportivas sem um&nbsp; centro poliesportivo&nbsp; adequado, nem&nbsp; muito grande&nbsp; nem pequeno demais, mas&nbsp; de&nbsp; conforme. \u00c9 a esperan\u00e7a .<\/h4>\n<h4><strong>O&nbsp; atual governo estava&nbsp; &nbsp;escrevendo o seu nome no&nbsp; contra verso da historia do esporte amador especializado de Minas Gerais, mas n\u00f5 esta mais !.&nbsp; N\u00e3o deveria ele, em contra- partida&nbsp; construir ou auxiliando na constri\u00e7\u00e3o de&nbsp; pr\u00e9dio simples mas sede&nbsp; \u00fanica destas federa\u00e7\u00f5es que necessitam, e&nbsp; de um mini gin\u00e1sio poliesportivo, com capacidade m\u00e1xima para 5.000.00&nbsp; pessoas, tornando-as um pouco&nbsp; mais&nbsp; independe&nbsp; em beneficio das Federa\u00e7\u00f5es. Este \u00e9&nbsp; um sonho que sempre tive&nbsp; e n\u00e3o vou abrir&nbsp; &nbsp;meus&nbsp; olhos t\u00e3o cedo.!<\/strong><\/h4>\n<h4>Adair.&nbsp; abril de 2022<\/h4>\n<h4><span style=\"color: #ff0000;\"><em>P<span style=\"color: #000000;\"><strong>S. O almoxarifado e todo material de competi\u00e7\u00e3o para os eventos&nbsp; da Federa\u00e7\u00e3o Mineira de Jiu-jitsu(F.M.J-J) ,ap\u00f3s 40 anos na salas 413 do Mineirinho, foi&nbsp; transferida tamb\u00e9m&nbsp; para a Escola Amelia&nbsp; de Catro, no bairro Sagrada Familia. Porem o atendimento aos federados e ao&nbsp; p\u00fablico continuar\u00e1 no mesmo lugar, centro de Belo Horizonte &#8211; na sala&nbsp; 348 &#8211; 3\u00ba andar&nbsp; da Galeria Belo Horizonte-. &#8211; fone 31 32248979, 98718 8604-&nbsp; email&nbsp; fmjitsu@terra.com.br<\/strong><\/span><\/em><\/span><\/h4>\n<p>&nbsp;<\/p>\n<h4>&nbsp;<\/h4>\n<h4><span style=\"color: #0000ff;\"><strong>O JIU-JITSU&nbsp; NAS&nbsp; OLIMP\u00cdADAS! ?<\/strong><\/span><\/h4>\n<p><img loading=\"lazy\" decoding=\"async\" class=\"alignnone wp-image-11303 aligncenter\" src=\"https:\/\/jiujitsuminas.com.br\/01\/wp-content\/uploads\/2020\/06\/IMAGEM-LUTADORES-300x226.jpg\" sizes=\"auto, (max-width: 182px) 100vw, 182px\" srcset=\"https:\/\/jiujitsuminas.com.br\/01\/wp-content\/uploads\/2020\/06\/IMAGEM-LUTADORES-300x226.jpg 300w, https:\/\/jiujitsuminas.com.br\/01\/wp-content\/uploads\/2020\/06\/IMAGEM-LUTADORES-150x113.jpg 150w, https:\/\/jiujitsuminas.com.br\/01\/wp-content\/uploads\/2020\/06\/IMAGEM-LUTADORES-768x579.jpg 768w, https:\/\/jiujitsuminas.com.br\/01\/wp-content\/uploads\/2020\/06\/IMAGEM-LUTADORES-500x377.jpg 500w, https:\/\/jiujitsuminas.com.br\/01\/wp-content\/uploads\/2020\/06\/IMAGEM-LUTADORES-678x509.jpg 678w, https:\/\/jiujitsuminas.com.br\/01\/wp-content\/uploads\/2020\/06\/IMAGEM-LUTADORES-326x245.jpg 326w, https:\/\/jiujitsuminas.com.br\/01\/wp-content\/uploads\/2020\/06\/IMAGEM-LUTADORES-80x60.jpg 80w, https:\/\/jiujitsuminas.com.br\/01\/wp-content\/uploads\/2020\/06\/IMAGEM-LUTADORES.jpg 776w\" alt=\"\" width=\"182\" height=\"137\"><\/p>\n<p><strong>&nbsp;<\/strong><\/p>\n<h4><strong>&nbsp; &nbsp; &nbsp; &nbsp; &nbsp; &nbsp; &nbsp; &nbsp; &nbsp; &nbsp; &nbsp; &nbsp; &nbsp;<\/strong>Se ainda o jiu-jitsu&nbsp; mineiro n\u00e3o esta competindo nas olimp\u00edadas&nbsp; certamente&nbsp; &nbsp;\u00e9 porque&nbsp; ha&nbsp; tantos os campe\u00f5es&nbsp; brasileiros e mundiais , e bons&nbsp; em todas as faixas&nbsp; , comandos por&nbsp; tantas identidades paralelas , por toda parte&nbsp; com fins lucrativos <strong>, que as&nbsp;<\/strong>&nbsp; representativas e de fato sem fins&nbsp; lucrativos&nbsp; tornaram-se uma minoria . Oficialmente, n\u00e3o h\u00e1 entidade&nbsp; nacional e representativa que saiba ou tenha interesse em catalogar&nbsp; &nbsp; &nbsp; quantos lutadores&nbsp; existem em cada categoria&nbsp; de idade neste Brasil continental ..<\/h4>\n<h4>Promover&nbsp; &nbsp;competi\u00e7\u00f5es seletivas em n\u00edvel nacional \u00e9 compet\u00eancia e dever de&nbsp; Confedera\u00e7\u00e3o, mas qual Confedera\u00e7\u00e3o ? e que ainda&nbsp; n\u00e3o foi cumprida por nenhuma. Mas, como atualmente existem tantas Confedera\u00e7\u00f5es&nbsp; neste Brasil , qual delas teria oficialidade ,coragem e&nbsp; interesse em&nbsp; cuidar deste importante&nbsp; assunto ?&nbsp; &nbsp;A&nbsp; falha seria&nbsp; tamb\u00e9m da Secretaria Nacional de Desportos ?&nbsp; &nbsp; &nbsp; &nbsp; &nbsp; &nbsp; &nbsp; &nbsp; &nbsp; &nbsp; &nbsp; &nbsp; &nbsp; &nbsp; &nbsp; &nbsp; &nbsp; &nbsp; &nbsp; &nbsp; &nbsp; &nbsp; &nbsp; &nbsp; <strong>&nbsp;<\/strong>&nbsp;<em>Adair 202o<\/em><\/h4>\n<h3>&nbsp;<\/h3>\n<h3 style=\"text-align: left;\"><span style=\"color: #0000ff;\">BUSCANDO PATROCINADORES PARA A&nbsp; F.M.J-J<\/span><\/h3>\n<h4><img loading=\"lazy\" decoding=\"async\" class=\"alignleft size-full wp-image-11393\" src=\"https:\/\/jiujitsuminas.com.br\/01\/wp-content\/uploads\/2020\/07\/BOLETIM-IFORMATIVO-1.gif\" alt=\"\" width=\"116\" height=\"136\"><strong>A Federa\u00e7\u00e3o Mineira e Jiu-Jitsu&nbsp; continua&nbsp; &nbsp;buscando&nbsp; patrocinadores&nbsp; para o campeonato estadual mineira de jiu-jitsu e&nbsp; ao atleta&nbsp; federado&nbsp; competidor&nbsp; da&nbsp; F.M.J-J.&nbsp; &nbsp;O jiu-j\u00edtsu, a&nbsp; mais&nbsp; antiga e tradicional das artes marciais&nbsp; vem&nbsp; ocupando lugar de&nbsp; destaque tamb\u00e9m como esporte competitivo . A enorme preferencia&nbsp; por esta modalidade de luta&nbsp; testemunha esta afirma\u00e7\u00e3o.<\/strong><\/h4>\n<h4><strong>Porem ,como a A Federa\u00e7\u00e3o Mineira realiza a cada ano,o campeonato estadual&nbsp; mineiro de jiu-jitsu ( TA\u00c7A MG) , em 5 etapas \u2013 mar\u00e7o,maio,Julho,setembro e novembro, cumprindo oficialmente&nbsp; suas&nbsp; etapas muitos atleta competidores carecem de apoio financeiro para&nbsp; n\u00e3o ficar fora das competi\u00e7\u00f5es.<\/strong><\/h4>\n<h4><strong>Naturalmente&nbsp; o competidor procura se&nbsp; manter na competi\u00e7\u00e3o, buscando&nbsp; as&nbsp; medalha de ouro,prata ou bronzes em cada uma das etapas, na&nbsp; expectativa de ser o campe\u00e3o&nbsp; estadual do ano na sua categoria de idade,faixa e peso.<\/strong><\/h4>\n<h4><strong>Alem da participa\u00e7\u00e3o no estadual &nbsp;o competidor&nbsp; amparado&nbsp; ter\u00e1 condi\u00e7\u00f5es de tamb\u00e9m participar de outros&nbsp; campeonatos&nbsp; oficiais de n\u00edvel nacional , o Sul Americano e at\u00e9 o mundial.&nbsp; O apoio financeiro ideal seria&nbsp; uma quantia mensal que lhe garantisse&nbsp; custear estes estudos na sua&nbsp; equipe&nbsp; federada&nbsp; e sua participa\u00e7\u00e3o&nbsp; nestes&nbsp; torneios oficiais. Porem, qualquer forma de apoio&nbsp; inevitavelmente ir\u00e1 auxiliar o atleta competidor .<\/strong><\/h4>\n<h4><strong>A Federa\u00e7\u00e3o Mineira (F.M.J-)oferece,&nbsp; em contrapartida ao apoio recebido, &nbsp;permiss\u00e3o para&nbsp; fixar a&nbsp; mensagem do patrocinador no kimono e exibi-la&nbsp; durante os eventos, exibir suas&nbsp; faixas e cartazes nos locais da competi\u00e7\u00e3o do estadual. O patrocinador poder\u00e1 publicar seu ramos de atividade no site da Federa\u00e7\u00e3o,&nbsp; instagram,face book e outros mantidos por ela , com desconto &nbsp;especial nas taxas cobradas .&nbsp; Pode at\u00e9 ser pouco mas n\u00e3o deixa de ser uma compensa\u00e7\u00e3o j\u00e1 que a Lei permite&nbsp; descontos nas taxas a apagar&nbsp; na&nbsp; declara\u00e7\u00e3o do Imposto de Renda.<\/strong><\/h4>\n<h4 style=\"text-align: center;\"><strong>&nbsp; &nbsp; &nbsp; &nbsp;A&nbsp; esperan\u00e7a&nbsp; deve ser uma&nbsp; insistente,&nbsp; at\u00e9&nbsp; mesmo agonizante , mas sem direito &nbsp;de morrer !<\/strong><\/h4>\n<h4><strong>Portanto esta quantia&nbsp; gasto ao&nbsp; patrocinar a F.M.J-J e amparar&nbsp; um&nbsp; competidor&nbsp; seria bem&nbsp; empregada&nbsp; e permitiria retorno&nbsp; &nbsp;.Este patrocino&nbsp; poder\u00e1 ser&nbsp; feito a qualquer&nbsp; competidor&nbsp; , masculino ou feminino, de qualquer categoria&nbsp; de idade,faixa ou peso , desde que seja federado, uma vez que somente&nbsp; participa&nbsp; do campeonato estadual aquele devidamente vinculado a uma equipe registrada na Federa\u00e7\u00e3o Mineira de Jiu-Jitsu (F.M.J-J).<\/strong><\/h4>\n<h4><strong>O desconto no IR (&nbsp; parcela a ser paga imposto de renda )ser\u00e1 permitida . Por isso&nbsp; a Federa\u00e7\u00e3o mantem a expectativa de que alguns possam dispensar&nbsp; aten\u00e7\u00e3o &nbsp;e tomar boa nota&nbsp; do exposto , mesmo porque&nbsp; compensa\u00e7\u00e3o rec\u00edproca&nbsp; \u00e9 gostoso de&nbsp; sentir, de experimentar&nbsp;&nbsp; e ser\u00e1 sempre um ato enaltecedor.<\/strong><\/h4>\n<h4><strong><em>A&nbsp; esperan\u00e7a&nbsp; deva ser uma&nbsp; insistente,&nbsp; at\u00e9 mesmo&nbsp; agonizante , mas &nbsp;sem&nbsp;<\/em><span style=\"font-size: 13.28px; text-align: center;\">&nbsp;<\/span><em>&nbsp;o direito de morrer !<\/em><\/strong><span style=\"text-align: center;\"><strong>&nbsp; &nbsp; &nbsp; &nbsp; &nbsp; &nbsp; &nbsp; &nbsp; &nbsp; &nbsp; &nbsp; &nbsp; &nbsp; &nbsp; &nbsp; &nbsp; &nbsp; &nbsp; &nbsp; &nbsp; &nbsp; &nbsp; &nbsp; &nbsp; &nbsp; &nbsp; &nbsp; &nbsp; &nbsp; &nbsp; &nbsp; &nbsp; &nbsp; &nbsp; &nbsp; &nbsp; &nbsp; &nbsp; &nbsp; &nbsp; &nbsp; &nbsp; &nbsp; &nbsp; &nbsp; &nbsp; &nbsp; &nbsp; &nbsp;<\/strong> &nbsp; &nbsp; &nbsp; &nbsp; &nbsp; &nbsp; &nbsp; &nbsp; &nbsp; &nbsp; &nbsp; &nbsp; &nbsp;<\/span><strong style=\"text-align: center;\">&nbsp; &nbsp; &nbsp; &nbsp; &nbsp; &nbsp; &nbsp; &nbsp; &nbsp; &nbsp; &nbsp; &nbsp; &nbsp; &nbsp; &nbsp; &nbsp; &nbsp; &nbsp; &nbsp; &nbsp; &nbsp; &nbsp; &nbsp; &nbsp; &nbsp; &nbsp; &nbsp; &nbsp; &nbsp; &nbsp; &nbsp; &nbsp; &nbsp; &nbsp; &nbsp; &nbsp; &nbsp; &nbsp; &nbsp; &nbsp; &nbsp; &nbsp; &nbsp; &nbsp; &nbsp; &nbsp; &nbsp; &nbsp; &nbsp; &nbsp; &nbsp; &nbsp; &nbsp; &nbsp; &nbsp; &nbsp; &nbsp; &nbsp; &nbsp; &nbsp; &nbsp; &nbsp; &nbsp; &nbsp; &nbsp; &nbsp; &nbsp; &nbsp; &nbsp; &nbsp; &nbsp; &nbsp; &nbsp; &nbsp; &nbsp; &nbsp; &nbsp; &nbsp; &nbsp; &nbsp; &nbsp; &nbsp; &nbsp; &nbsp; &nbsp; &nbsp; &nbsp; &nbsp; &nbsp; &nbsp; &nbsp; &nbsp; &nbsp; &nbsp; &nbsp; Adair 2020<\/strong><\/h4>\n<hr>\n<p>&nbsp;<\/p>\n","protected":false},"excerpt":{"rendered":"<div class=\"mh-excerpt\"><p>INFORMA\u00c7\u00d5ES&nbsp; DIVERSAS ,COMENTARIOS&nbsp; E SUGEST\u00d5ES &nbsp; &nbsp; &nbsp;&nbsp; &nbsp; OS BENEF\u00cdCIOS DO JIU-JITSU O jiu-jitsu, uma das mais antigas dentre as&nbsp; artes marciais, prepara o <a class=\"mh-excerpt-more\" href=\"https:\/\/jiujitsuminas.com.br\/01\/estudos\" title=\"INFORMA\u00c7\u00d5ES DIVERSAS\">[&#8230;]<\/a><\/p>\n<\/div>","protected":false},"author":1,"featured_media":0,"parent":0,"menu_order":0,"comment_status":"closed","ping_status":"closed","template":"template-full.php","meta":{"ngg_post_thumbnail":0,"footnotes":""},"class_list":["post-12999","page","type-page","status-publish","hentry"],"_links":{"self":[{"href":"https:\/\/jiujitsuminas.com.br\/01\/wp-json\/wp\/v2\/pages\/12999","targetHints":{"allow":["GET"]}}],"collection":[{"href":"https:\/\/jiujitsuminas.com.br\/01\/wp-json\/wp\/v2\/pages"}],"about":[{"href":"https:\/\/jiujitsuminas.com.br\/01\/wp-json\/wp\/v2\/types\/page"}],"author":[{"embeddable":true,"href":"https:\/\/jiujitsuminas.com.br\/01\/wp-json\/wp\/v2\/users\/1"}],"replies":[{"embeddable":true,"href":"https:\/\/jiujitsuminas.com.br\/01\/wp-json\/wp\/v2\/comments?post=12999"}],"version-history":[{"count":40,"href":"https:\/\/jiujitsuminas.com.br\/01\/wp-json\/wp\/v2\/pages\/12999\/revisions"}],"predecessor-version":[{"id":23281,"href":"https:\/\/jiujitsuminas.com.br\/01\/wp-json\/wp\/v2\/pages\/12999\/revisions\/23281"}],"wp:attachment":[{"href":"https:\/\/jiujitsuminas.com.br\/01\/wp-json\/wp\/v2\/media?parent=12999"}],"curies":[{"name":"wp","href":"https:\/\/api.w.org\/{rel}","templated":true}]}}